{"id":907,"date":"2023-08-22T11:00:52","date_gmt":"2023-08-22T11:00:52","guid":{"rendered":"https:\/\/aliumrestauracion.com\/?page_id=907"},"modified":"2023-09-25T15:34:09","modified_gmt":"2023-09-25T15:34:09","slug":"trabaja-con-nosotros","status":"publish","type":"page","link":"https:\/\/aliumrestauracion.com\/en\/trabaja-con-nosotros\/","title":{"rendered":"Work with us"},"content":{"rendered":"<div data-elementor-type=\"wp-page\" data-elementor-id=\"907\" class=\"elementor elementor-907\">\n\t\t\t\t\t\t\t<div class=\"elementor-element elementor-element-71119ae e-flex e-con-boxed e-con\" data-id=\"71119ae\" data-element_type=\"container\" data-settings=\"{&quot;background_background&quot;:&quot;classic&quot;,&quot;content_width&quot;:&quot;boxed&quot;}\">\n\t\t\t\t\t<div class=\"e-con-inner\">\n\t\t<div class=\"elementor-element elementor-element-a574950 e-flex e-con-boxed e-con\" data-id=\"a574950\" data-element_type=\"container\" data-settings=\"{&quot;content_width&quot;:&quot;boxed&quot;}\">\n\t\t\t\t\t<div class=\"e-con-inner\">\n\t\t\t\t<div class=\"elementor-element elementor-element-089ab1e elementor-widget elementor-widget-heading\" data-id=\"089ab1e\" data-element_type=\"widget\" data-widget_type=\"heading.default\">\n\t\t\t\t<div class=\"elementor-widget-container\">\n\t\t\t<style>\/*! elementor - v3.15.0 - 20-08-2023 *\/\n.elementor-heading-title{padding:0;margin:0;line-height:1}.elementor-widget-heading .elementor-heading-title[class*=elementor-size-]>a{color:inherit;font-size:inherit;line-height:inherit}.elementor-widget-heading .elementor-heading-title.elementor-size-small{font-size:15px}.elementor-widget-heading .elementor-heading-title.elementor-size-medium{font-size:19px}.elementor-widget-heading .elementor-heading-title.elementor-size-large{font-size:29px}.elementor-widget-heading .elementor-heading-title.elementor-size-xl{font-size:39px}.elementor-widget-heading .elementor-heading-title.elementor-size-xxl{font-size:59px}<\/style><h2 class=\"elementor-heading-title elementor-size-default\">Work with us<\/h2>\t\t<\/div>\n\t\t\t\t<\/div>\n\t\t\t\t<div class=\"elementor-element elementor-element-8ff23bb elementor-align-right elementor-widget elementor-widget-zeus-site-breadcrumbs\" data-id=\"8ff23bb\" data-element_type=\"widget\" data-widget_type=\"zeus-site-breadcrumbs.default\">\n\t\t\t\t<div class=\"elementor-widget-container\">\n\t\t\t<nav role=\"navigation\" aria-label=\"Breadcrumbs\" class=\"zeus-breadcrumb-trail zeus-breadcrumbs\"><ul class=\"trail-items\"><li class=\"trail-item trail-end\"><a href=\"https:\/\/aliumrestauracion.com\/en\/\" rel=\"home\"><span>Home<\/span><\/a><\/li><\/ul><\/nav>\t\t<\/div>\n\t\t\t\t<\/div>\n\t\t\t\t\t<\/div>\n\t\t\t\t<\/div>\n\t\t\t\t\t<\/div>\n\t\t\t\t<\/div>\n\t\t<div class=\"elementor-element elementor-element-d8e9402 e-flex e-con-boxed e-con\" data-id=\"d8e9402\" data-element_type=\"container\" id=\"trabajar\" data-settings=\"{&quot;content_width&quot;:&quot;boxed&quot;}\">\n\t\t\t\t\t<div class=\"e-con-inner\">\n\t\t<div class=\"elementor-element elementor-element-4714f77 e-con-full e-flex e-con\" data-id=\"4714f77\" data-element_type=\"container\" data-settings=\"{&quot;content_width&quot;:&quot;full&quot;}\">\n\t\t<div class=\"elementor-element elementor-element-73f31ea e-con-full e-flex e-con\" data-id=\"73f31ea\" data-element_type=\"container\" data-settings=\"{&quot;content_width&quot;:&quot;full&quot;,&quot;background_background&quot;:&quot;classic&quot;}\">\n\t\t\t\t<\/div>\n\t\t<div class=\"elementor-element elementor-element-d6457a8 e-flex e-con-boxed e-con\" data-id=\"d6457a8\" data-element_type=\"container\" data-settings=\"{&quot;content_width&quot;:&quot;boxed&quot;}\">\n\t\t\t\t\t<div class=\"e-con-inner\">\n\t\t\t\t<div class=\"elementor-element elementor-element-9cc8edf elementor-widget elementor-widget-heading\" data-id=\"9cc8edf\" data-element_type=\"widget\" data-widget_type=\"heading.default\">\n\t\t\t\t<div class=\"elementor-widget-container\">\n\t\t\t<h4 class=\"elementor-heading-title elementor-size-default\">Join our team<\/h4>\t\t<\/div>\n\t\t\t\t<\/div>\n\t\t\t\t<div class=\"elementor-element elementor-element-51ee2aa elementor-widget elementor-widget-heading\" data-id=\"51ee2aa\" data-element_type=\"widget\" data-widget_type=\"heading.default\">\n\t\t\t\t<div class=\"elementor-widget-container\">\n\t\t\t<h4 class=\"elementor-heading-title elementor-size-default\">Work with us<\/h4>\t\t<\/div>\n\t\t\t\t<\/div>\n\t\t\t\t<div class=\"elementor-element elementor-element-65e71a4 elementor-widget__width-inherit elementor-widget-mobile__width-initial elementor-widget elementor-widget-text-editor\" data-id=\"65e71a4\" data-element_type=\"widget\" data-widget_type=\"text-editor.default\">\n\t\t\t\t<div class=\"elementor-widget-container\">\n\t\t\t<style>\/*! elementor - v3.15.0 - 20-08-2023 *\/\n.elementor-widget-text-editor.elementor-drop-cap-view-stacked .elementor-drop-cap{background-color:#69727d;color:#fff}.elementor-widget-text-editor.elementor-drop-cap-view-framed .elementor-drop-cap{color:#69727d;border:3px solid;background-color:transparent}.elementor-widget-text-editor:not(.elementor-drop-cap-view-default) .elementor-drop-cap{margin-top:8px}.elementor-widget-text-editor:not(.elementor-drop-cap-view-default) .elementor-drop-cap-letter{width:1em;height:1em}.elementor-widget-text-editor .elementor-drop-cap{float:left;text-align:center;line-height:1;font-size:50px}.elementor-widget-text-editor .elementor-drop-cap-letter{display:inline-block}<\/style>\t\t\t\t<p>If you are interested in working with us just fill out this form with your details and you will receive a reply very soon.<\/p>\t\t\t\t\t\t<\/div>\n\t\t\t\t<\/div>\n\t\t\t\t<div class=\"elementor-element elementor-element-531ee9a elementor-widget elementor-widget-ha-cf7 happy-addon ha-cf7\" data-id=\"531ee9a\" data-element_type=\"widget\" id=\"\" data-widget_type=\"ha-cf7.default\">\n\t\t\t\t<div class=\"elementor-widget-container\">\n\t\t\t\n<div class=\"wpcf7 no-js\" id=\"wpcf7-f725-o1\" lang=\"es-ES\" dir=\"ltr\">\n<div class=\"screen-reader-response\"><p role=\"status\" aria-live=\"polite\" aria-atomic=\"true\"><\/p> <ul><\/ul><\/div>\n<form action=\"\/en\/wp-json\/wp\/v2\/pages\/907#wpcf7-f725-o1\" method=\"post\" class=\"wpcf7-form init ha-cf7-form\" aria-label=\"Contact form\" enctype=\"multipart\/form-data\" novalidate=\"novalidate\" data-status=\"init\" data-trp-original-action=\"\/en\/wp-json\/wp\/v2\/pages\/907#wpcf7-f725-o1\">\n<div style=\"display: none;\">\n<input type=\"hidden\" name=\"_wpcf7\" value=\"725\" \/>\n<input type=\"hidden\" name=\"_wpcf7_version\" value=\"5.8\" \/>\n<input type=\"hidden\" name=\"_wpcf7_locale\" value=\"es_ES\" \/>\n<input type=\"hidden\" name=\"_wpcf7_unit_tag\" value=\"wpcf7-f725-o1\" \/>\n<input type=\"hidden\" name=\"_wpcf7_container_post\" value=\"0\" \/>\n<input type=\"hidden\" name=\"_wpcf7_posted_data_hash\" value=\"\" \/>\n<input type=\"hidden\" name=\"_wpcf7_recaptcha_response\" value=\"\" \/>\n<\/div>\n<p><label><br \/>\n<span class=\"wpcf7-form-control-wrap\" data-name=\"your-name\"><input size=\"40\" class=\"wpcf7-form-control wpcf7-text wpcf7-validates-as-required\" autocomplete=\"name\" aria-required=\"true\" aria-invalid=\"false\" placeholder=\"Name and surname\" value=\"\" type=\"text\" name=\"your-name\" \/><\/span> <\/label>\n<\/p>\n<p><label><br \/>\n<span class=\"wpcf7-form-control-wrap\" data-name=\"tel-913\"><input size=\"40\" class=\"wpcf7-form-control wpcf7-tel wpcf7-validates-as-required wpcf7-text wpcf7-validates-as-tel\" aria-required=\"true\" aria-invalid=\"false\" placeholder=\"Contact phone\" value=\"\" type=\"tel\" name=\"tel-913\" \/><\/span> <\/label>\n<\/p>\n<p><label><br \/>\n<span class=\"wpcf7-form-control-wrap\" data-name=\"your-email\"><input size=\"40\" class=\"wpcf7-form-control wpcf7-email wpcf7-validates-as-required wpcf7-text wpcf7-validates-as-email\" autocomplete=\"email\" aria-required=\"true\" aria-invalid=\"false\" placeholder=\"E-mail\" value=\"\" type=\"email\" name=\"your-email\" \/><\/span> <\/label>\n<\/p>\n<p><label> Attach your curriculum vitae<br \/>\n<span class=\"wpcf7-form-control-wrap\" data-name=\"cv\"><input size=\"40\" class=\"wpcf7-form-control wpcf7-file wpcf7-validates-as-required\" accept=\"audio\/*,video\/*,image\/*\" aria-required=\"true\" aria-invalid=\"false\" type=\"file\" name=\"cv\" \/><\/span> <\/label>\n<\/p>\n<p><label><br \/>\n<span class=\"wpcf7-form-control-wrap\" data-name=\"your-message\"><textarea cols=\"40\" rows=\"4\" class=\"wpcf7-form-control wpcf7-textarea wpcf7-validates-as-required\" aria-required=\"true\" aria-invalid=\"false\" placeholder=\"Why should we count on you?\" name=\"your-message\"><\/textarea><\/span> <\/label>\n<\/p>\n<p><label><span class=\"wpcf7-form-control-wrap\" data-name=\"acceptance-321\"><span class=\"wpcf7-form-control wpcf7-acceptance\"><span class=\"wpcf7-list-item\"><input type=\"checkbox\" name=\"acceptance-321\" value=\"1\" aria-invalid=\"false\" \/><\/span><\/span><\/span> By submitting this form, you agree to our privacy policy and you consent to having this website store the information that you submit so that we can respond to your request *<\/label>\n<\/p>\n<p><label>\n\t<span class=\"wpcf7-form-control-wrap recaptcha\" data-name=\"recaptcha\"><span data-sitekey=\"6LevOV0oAAAAABnuEiGbjyw4QnIUkM3Jw_nd23Y6\" class=\"wpcf7-form-control wpcf7-recaptcha g-recaptcha\"><\/span>\r\n<noscript>\r\n\t<div class=\"grecaptcha-noscript\">\r\n\t\t<iframe loading=\"lazy\" src=\"https:\/\/www.google.com\/recaptcha\/api\/fallback?k=6LevOV0oAAAAABnuEiGbjyw4QnIUkM3Jw_nd23Y6\" frameborder=\"0\" scrolling=\"no\" width=\"310\" height=\"430\">\r\n\t\t<\/iframe>\r\n\t\t<textarea name=\"g-recaptcha-response\" rows=\"3\" cols=\"40\" placeholder=\"Aqu\u00ed la respuesta de reCAPTCHA\">\r\n\t\t<\/textarea>\r\n\t<\/div>\r\n<\/noscript>\r\n<\/span><\/label>\n<\/p>\n<p><input class=\"wpcf7-form-control wpcf7-submit has-spinner\" type=\"submit\" value=\"Send\" \/>\n<\/p><div class=\"wpcf7-response-output\" aria-hidden=\"true\"><\/div>\n<input type=\"hidden\" name=\"trp-form-language\" value=\"en\"\/><\/form>\n<\/div>\n\t\t<\/div>\n\t\t\t\t<\/div>\n\t\t\t\t\t<\/div>\n\t\t\t\t<\/div>\n\t\t\t\t<\/div>\n\t\t\t\t\t<\/div>\n\t\t\t\t<\/div>\n\t\t<div class=\"elementor-element elementor-element-2b656dc e-con-full e-flex e-con\" data-id=\"2b656dc\" data-element_type=\"container\" data-settings=\"{&quot;content_width&quot;:&quot;full&quot;}\">\n\t\t\t\t<div class=\"elementor-element elementor-element-49bcfcd elementor-widget elementor-widget-google_maps\" data-id=\"49bcfcd\" data-element_type=\"widget\" data-widget_type=\"google_maps.default\">\n\t\t\t\t<div class=\"elementor-widget-container\">\n\t\t\t<style>\/*! elementor - v3.15.0 - 20-08-2023 *\/\n.elementor-widget-google_maps .elementor-widget-container{overflow:hidden}.elementor-widget-google_maps .elementor-custom-embed{line-height:0}.elementor-widget-google_maps iframe{height:300px}<\/style>\t\t<div class=\"elementor-custom-embed\">\n\t\t\t<iframe loading=\"lazy\"\n\t\t\t\t\tsrc=\"https:\/\/maps.google.com\/maps?q=C.%20Caveda%2C%2021%2C%201%C2%AA%2C%2033002%20Oviedo%2C%20Asturias&#038;t=m&#038;z=17&#038;output=embed&#038;iwloc=near\"\n\t\t\t\t\ttitle=\"C. Caveda, 21, 1, 33002 Oviedo, Asturias\"\n\t\t\t\t\taria-label=\"C. Caveda, 21, 1, 33002 Oviedo, Asturias\"\n\t\t\t><\/iframe>\n\t\t<\/div>\n\t\t\t\t<\/div>\n\t\t\t\t<\/div>\n\t\t\t\t<\/div>\n\t\t\t\t\t\t\t<\/div>","protected":false},"excerpt":{"rendered":"<p>Trabaja con nosotros \u00danete a nuestro equipo Trabaja con nosotros Si est\u00e1s interesado en trabajar con nosotros solo tienes que rellenar este formulario con tus datos y recibir\u00e1s una respuesta muy pronto. Adjunta tu curr\u00edculum vitae Al enviar este formulario aceptas nuestra pol\u00edtica de privacidad y das tu consentimiento para que esta web almacene la [&hellip;]<\/p>","protected":false},"author":1,"featured_media":0,"parent":0,"menu_order":0,"comment_status":"closed","ping_status":"closed","template":"elementor_header_footer","meta":{"footnotes":""},"yoast_head":"<!-- This site is optimized with the Yoast SEO plugin v21.0 - https:\/\/yoast.com\/wordpress\/plugins\/seo\/ -->\n<title>Trabaja con nosotros &#8902; Alium Restauraci\u00f3n<\/title>\n<meta name=\"robots\" content=\"index, follow, max-snippet:-1, max-image-preview:large, max-video-preview:-1\" \/>\n<link rel=\"canonical\" href=\"https:\/\/aliumrestauracion.com\/en\/trabaja-con-nosotros\/\" \/>\n<meta property=\"og:locale\" content=\"en_US\" \/>\n<meta property=\"og:type\" content=\"article\" \/>\n<meta property=\"og:title\" content=\"Trabaja con nosotros &#8902; Alium Restauraci\u00f3n\" \/>\n<meta property=\"og:description\" content=\"Trabaja con nosotros \u00danete a nuestro equipo Trabaja con nosotros Si est\u00e1s interesado en trabajar con nosotros solo tienes que rellenar este formulario con tus datos y recibir\u00e1s una respuesta muy pronto. Adjunta tu curr\u00edculum vitae Al enviar este formulario aceptas nuestra pol\u00edtica de privacidad y das tu consentimiento para que esta web almacene la [&hellip;]\" \/>\n<meta property=\"og:url\" content=\"https:\/\/aliumrestauracion.com\/en\/trabaja-con-nosotros\/\" \/>\n<meta property=\"og:site_name\" content=\"Alium Restauraci\u00f3n\" \/>\n<meta property=\"article:modified_time\" content=\"2023-09-25T15:34:09+00:00\" \/>\n<meta property=\"og:image\" content=\"https:\/\/aliumrestauracion.com\/wp-content\/uploads\/2023\/08\/Logo-ini.png\" \/>\n\t<meta property=\"og:image:width\" content=\"4153\" \/>\n\t<meta property=\"og:image:height\" content=\"1666\" \/>\n\t<meta property=\"og:image:type\" content=\"image\/png\" \/>\n<meta name=\"twitter:card\" content=\"summary_large_image\" \/>\n<meta name=\"twitter:label1\" content=\"Est. reading time\" \/>\n\t<meta name=\"twitter:data1\" content=\"1 minute\" \/>\n<script type=\"application\/ld+json\" class=\"yoast-schema-graph\">{\"@context\":\"https:\/\/schema.org\",\"@graph\":[{\"@type\":\"WebPage\",\"@id\":\"https:\/\/aliumrestauracion.com\/trabaja-con-nosotros\/\",\"url\":\"https:\/\/aliumrestauracion.com\/trabaja-con-nosotros\/\",\"name\":\"Trabaja con nosotros &#8902; Alium Restauraci\u00f3n\",\"isPartOf\":{\"@id\":\"https:\/\/aliumrestauracion.com\/#website\"},\"datePublished\":\"2023-08-22T11:00:52+00:00\",\"dateModified\":\"2023-09-25T15:34:09+00:00\",\"breadcrumb\":{\"@id\":\"https:\/\/aliumrestauracion.com\/trabaja-con-nosotros\/#breadcrumb\"},\"inLanguage\":\"en-US\",\"potentialAction\":[{\"@type\":\"ReadAction\",\"target\":[\"https:\/\/aliumrestauracion.com\/trabaja-con-nosotros\/\"]}]},{\"@type\":\"BreadcrumbList\",\"@id\":\"https:\/\/aliumrestauracion.com\/trabaja-con-nosotros\/#breadcrumb\",\"itemListElement\":[{\"@type\":\"ListItem\",\"position\":1,\"name\":\"Portada\",\"item\":\"https:\/\/aliumrestauracion.com\/\"},{\"@type\":\"ListItem\",\"position\":2,\"name\":\"Trabaja con nosotros\"}]},{\"@type\":\"WebSite\",\"@id\":\"https:\/\/aliumrestauracion.com\/#website\",\"url\":\"https:\/\/aliumrestauracion.com\/\",\"name\":\"Empresa de restauraci\u00f3n\",\"description\":\"Empresa de restauraci\u00f3n\",\"publisher\":{\"@id\":\"https:\/\/aliumrestauracion.com\/#organization\"},\"alternateName\":\"Alium Restauraci\u00f3n\",\"potentialAction\":[{\"@type\":\"SearchAction\",\"target\":{\"@type\":\"EntryPoint\",\"urlTemplate\":\"https:\/\/aliumrestauracion.com\/?s={search_term_string}\"},\"query-input\":\"required name=search_term_string\"}],\"inLanguage\":\"en-US\"},{\"@type\":\"Organization\",\"@id\":\"https:\/\/aliumrestauracion.com\/#organization\",\"name\":\"Empresa de restauraci\u00f3n\",\"url\":\"https:\/\/aliumrestauracion.com\/\",\"logo\":{\"@type\":\"ImageObject\",\"inLanguage\":\"en-US\",\"@id\":\"https:\/\/aliumrestauracion.com\/#\/schema\/logo\/image\/\",\"url\":\"https:\/\/aliumrestauracion.com\/wp-content\/uploads\/2023\/08\/cropped-Logo-ini.png\",\"contentUrl\":\"https:\/\/aliumrestauracion.com\/wp-content\/uploads\/2023\/08\/cropped-Logo-ini.png\",\"width\":4153,\"height\":1664,\"caption\":\"Empresa de restauraci\u00f3n\"},\"image\":{\"@id\":\"https:\/\/aliumrestauracion.com\/#\/schema\/logo\/image\/\"}}]}<\/script>\n<!-- \/ Yoast SEO plugin. -->","yoast_head_json":{"title":"Trabaja con nosotros &#8902; Alium Restauraci\u00f3n","robots":{"index":"index","follow":"follow","max-snippet":"max-snippet:-1","max-image-preview":"max-image-preview:large","max-video-preview":"max-video-preview:-1"},"canonical":"https:\/\/aliumrestauracion.com\/en\/trabaja-con-nosotros\/","og_locale":"en_US","og_type":"article","og_title":"Trabaja con nosotros &#8902; Alium Restauraci\u00f3n","og_description":"Trabaja con nosotros \u00danete a nuestro equipo Trabaja con nosotros Si est\u00e1s interesado en trabajar con nosotros solo tienes que rellenar este formulario con tus datos y recibir\u00e1s una respuesta muy pronto. Adjunta tu curr\u00edculum vitae Al enviar este formulario aceptas nuestra pol\u00edtica de privacidad y das tu consentimiento para que esta web almacene la [&hellip;]","og_url":"https:\/\/aliumrestauracion.com\/en\/trabaja-con-nosotros\/","og_site_name":"Alium Restauraci\u00f3n","article_modified_time":"2023-09-25T15:34:09+00:00","og_image":[{"width":4153,"height":1666,"url":"https:\/\/aliumrestauracion.com\/wp-content\/uploads\/2023\/08\/Logo-ini.png","type":"image\/png"}],"twitter_card":"summary_large_image","twitter_misc":{"Est. reading time":"1 minute"},"schema":{"@context":"https:\/\/schema.org","@graph":[{"@type":"WebPage","@id":"https:\/\/aliumrestauracion.com\/trabaja-con-nosotros\/","url":"https:\/\/aliumrestauracion.com\/trabaja-con-nosotros\/","name":"Trabaja con nosotros &#8902; Alium Restauraci\u00f3n","isPartOf":{"@id":"https:\/\/aliumrestauracion.com\/#website"},"datePublished":"2023-08-22T11:00:52+00:00","dateModified":"2023-09-25T15:34:09+00:00","breadcrumb":{"@id":"https:\/\/aliumrestauracion.com\/trabaja-con-nosotros\/#breadcrumb"},"inLanguage":"en-US","potentialAction":[{"@type":"ReadAction","target":["https:\/\/aliumrestauracion.com\/trabaja-con-nosotros\/"]}]},{"@type":"BreadcrumbList","@id":"https:\/\/aliumrestauracion.com\/trabaja-con-nosotros\/#breadcrumb","itemListElement":[{"@type":"ListItem","position":1,"name":"Portada","item":"https:\/\/aliumrestauracion.com\/"},{"@type":"ListItem","position":2,"name":"Trabaja con nosotros"}]},{"@type":"WebSite","@id":"https:\/\/aliumrestauracion.com\/#website","url":"https:\/\/aliumrestauracion.com\/","name":"Empresa de restauraci\u00f3n","description":"Empresa de restauraci\u00f3n","publisher":{"@id":"https:\/\/aliumrestauracion.com\/#organization"},"alternateName":"Alium Restauraci\u00f3n","potentialAction":[{"@type":"SearchAction","target":{"@type":"EntryPoint","urlTemplate":"https:\/\/aliumrestauracion.com\/?s={search_term_string}"},"query-input":"required name=search_term_string"}],"inLanguage":"en-US"},{"@type":"Organization","@id":"https:\/\/aliumrestauracion.com\/#organization","name":"Empresa de restauraci\u00f3n","url":"https:\/\/aliumrestauracion.com\/","logo":{"@type":"ImageObject","inLanguage":"en-US","@id":"https:\/\/aliumrestauracion.com\/#\/schema\/logo\/image\/","url":"https:\/\/aliumrestauracion.com\/wp-content\/uploads\/2023\/08\/cropped-Logo-ini.png","contentUrl":"https:\/\/aliumrestauracion.com\/wp-content\/uploads\/2023\/08\/cropped-Logo-ini.png","width":4153,"height":1664,"caption":"Empresa de restauraci\u00f3n"},"image":{"@id":"https:\/\/aliumrestauracion.com\/#\/schema\/logo\/image\/"}}]}},"_links":{"self":[{"href":"https:\/\/aliumrestauracion.com\/en\/wp-json\/wp\/v2\/pages\/907"}],"collection":[{"href":"https:\/\/aliumrestauracion.com\/en\/wp-json\/wp\/v2\/pages"}],"about":[{"href":"https:\/\/aliumrestauracion.com\/en\/wp-json\/wp\/v2\/types\/page"}],"author":[{"embeddable":true,"href":"https:\/\/aliumrestauracion.com\/en\/wp-json\/wp\/v2\/users\/1"}],"replies":[{"embeddable":true,"href":"https:\/\/aliumrestauracion.com\/en\/wp-json\/wp\/v2\/comments?post=907"}],"version-history":[{"count":22,"href":"https:\/\/aliumrestauracion.com\/en\/wp-json\/wp\/v2\/pages\/907\/revisions"}],"predecessor-version":[{"id":3536,"href":"https:\/\/aliumrestauracion.com\/en\/wp-json\/wp\/v2\/pages\/907\/revisions\/3536"}],"wp:attachment":[{"href":"https:\/\/aliumrestauracion.com\/en\/wp-json\/wp\/v2\/media?parent=907"}],"curies":[{"name":"wp","href":"https:\/\/api.w.org\/{rel}","templated":true}]}}