{"id":444,"date":"2023-08-21T13:01:15","date_gmt":"2023-08-21T13:01:15","guid":{"rendered":"https:\/\/aliumrestauracion.com\/?page_id=444"},"modified":"2023-09-26T08:22:59","modified_gmt":"2023-09-26T08:22:59","slug":"colegios-y-colectivos","status":"publish","type":"page","link":"https:\/\/aliumrestauracion.com\/en\/colegios-y-colectivos\/","title":{"rendered":"Colegios y colectivos"},"content":{"rendered":"<div data-elementor-type=\"wp-page\" data-elementor-id=\"444\" class=\"elementor elementor-444\">\n\t\t\t\t\t\t\t<div class=\"elementor-element elementor-element-71119ae e-flex e-con-boxed e-con\" data-id=\"71119ae\" data-element_type=\"container\" data-settings=\"{&quot;background_slideshow_gallery&quot;:[{&quot;id&quot;:3213,&quot;url&quot;:&quot;https:\\\/\\\/aliumrestauracion.com\\\/wp-content\\\/uploads\\\/2023\\\/09\\\/Menu-31-10-14-scaled.jpg&quot;},{&quot;id&quot;:3216,&quot;url&quot;:&quot;https:\\\/\\\/aliumrestauracion.com\\\/wp-content\\\/uploads\\\/2023\\\/09\\\/PreparandoFlan-Casero-1-scaled.jpg&quot;},{&quot;id&quot;:3215,&quot;url&quot;:&quot;https:\\\/\\\/aliumrestauracion.com\\\/wp-content\\\/uploads\\\/2023\\\/09\\\/Preparando-el-pisto-scaled.jpg&quot;},{&quot;id&quot;:3214,&quot;url&quot;:&quot;https:\\\/\\\/aliumrestauracion.com\\\/wp-content\\\/uploads\\\/2023\\\/09\\\/Preparando-Crema-de-Calabacin-scaled.jpg&quot;},{&quot;id&quot;:3212,&quot;url&quot;:&quot;https:\\\/\\\/aliumrestauracion.com\\\/wp-content\\\/uploads\\\/2023\\\/09\\\/Menu-7-11-14-scaled.jpg&quot;},{&quot;id&quot;:3211,&quot;url&quot;:&quot;https:\\\/\\\/aliumrestauracion.com\\\/wp-content\\\/uploads\\\/2023\\\/09\\\/Menu-3-11-14-scaled.jpg&quot;},{&quot;id&quot;:3210,&quot;url&quot;:&quot;https:\\\/\\\/aliumrestauracion.com\\\/wp-content\\\/uploads\\\/2023\\\/09\\\/Estofado-de-Ternera-scaled.jpg&quot;},{&quot;id&quot;:3209,&quot;url&quot;:&quot;https:\\\/\\\/aliumrestauracion.com\\\/wp-content\\\/uploads\\\/2023\\\/09\\\/Cocido-Garbanzos-scaled.jpg&quot;},{&quot;id&quot;:3568,&quot;url&quot;:&quot;https:\\\/\\\/aliumrestauracion.com\\\/wp-content\\\/uploads\\\/2023\\\/09\\\/Tomate-para-Ensalada-1-scaled.jpg&quot;}],&quot;background_slideshow_ken_burns&quot;:&quot;yes&quot;,&quot;background_background&quot;:&quot;slideshow&quot;,&quot;content_width&quot;:&quot;boxed&quot;,&quot;background_slideshow_loop&quot;:&quot;yes&quot;,&quot;background_slideshow_slide_duration&quot;:5000,&quot;background_slideshow_slide_transition&quot;:&quot;fade&quot;,&quot;background_slideshow_transition_duration&quot;:500,&quot;background_slideshow_ken_burns_zoom_direction&quot;:&quot;in&quot;}\">\n\t\t\t\t\t<div class=\"e-con-inner\">\n\t\t<div class=\"elementor-element elementor-element-a574950 e-con-full e-flex e-con\" data-id=\"a574950\" data-element_type=\"container\" data-settings=\"{&quot;content_width&quot;:&quot;full&quot;,&quot;background_background&quot;:&quot;classic&quot;}\">\n\t\t\t\t<div class=\"elementor-element elementor-element-f8994bd elementor-widget elementor-widget-spacer\" data-id=\"f8994bd\" data-element_type=\"widget\" data-widget_type=\"spacer.default\">\n\t\t\t\t<div class=\"elementor-widget-container\">\n\t\t\t<style>\/*! elementor - v3.15.0 - 20-08-2023 *\/\n.elementor-column .elementor-spacer-inner{height:var(--spacer-size)}.e-con{--container-widget-width:100%}.e-con-inner>.elementor-widget-spacer,.e-con>.elementor-widget-spacer{width:var(--container-widget-width,var(--spacer-size));--align-self:var(--container-widget-align-self,initial);--flex-shrink:0}.e-con-inner>.elementor-widget-spacer>.elementor-widget-container,.e-con-inner>.elementor-widget-spacer>.elementor-widget-container>.elementor-spacer,.e-con>.elementor-widget-spacer>.elementor-widget-container,.e-con>.elementor-widget-spacer>.elementor-widget-container>.elementor-spacer{height:100%}.e-con-inner>.elementor-widget-spacer>.elementor-widget-container>.elementor-spacer>.elementor-spacer-inner,.e-con>.elementor-widget-spacer>.elementor-widget-container>.elementor-spacer>.elementor-spacer-inner{height:var(--container-widget-height,var(--spacer-size))}<\/style>\t\t<div class=\"elementor-spacer\">\n\t\t\t<div class=\"elementor-spacer-inner\"><\/div>\n\t\t<\/div>\n\t\t\t\t<\/div>\n\t\t\t\t<\/div>\n\t\t\t\t<\/div>\n\t\t\t\t\t<\/div>\n\t\t\t\t<\/div>\n\t\t<div class=\"elementor-element elementor-element-c2e6eb8 e-con-full e-flex e-con\" data-id=\"c2e6eb8\" data-element_type=\"container\" data-settings=\"{&quot;background_background&quot;:&quot;classic&quot;,&quot;content_width&quot;:&quot;full&quot;}\">\n\t\t<div class=\"elementor-element elementor-element-38c4410 e-flex e-con-boxed e-con\" data-id=\"38c4410\" data-element_type=\"container\" data-settings=\"{&quot;background_background&quot;:&quot;classic&quot;,&quot;content_width&quot;:&quot;boxed&quot;}\">\n\t\t\t\t\t<div class=\"e-con-inner\">\n\t\t<div class=\"elementor-element elementor-element-5462e1f e-con-full e-flex e-con\" data-id=\"5462e1f\" data-element_type=\"container\" data-settings=\"{&quot;content_width&quot;:&quot;full&quot;}\">\n\t\t\t\t<div class=\"elementor-element elementor-element-2a43f2c elementor-widget elementor-widget-heading\" data-id=\"2a43f2c\" data-element_type=\"widget\" data-widget_type=\"heading.default\">\n\t\t\t\t<div class=\"elementor-widget-container\">\n\t\t\t<style>\/*! elementor - v3.15.0 - 20-08-2023 *\/\n.elementor-heading-title{padding:0;margin:0;line-height:1}.elementor-widget-heading .elementor-heading-title[class*=elementor-size-]>a{color:inherit;font-size:inherit;line-height:inherit}.elementor-widget-heading .elementor-heading-title.elementor-size-small{font-size:15px}.elementor-widget-heading .elementor-heading-title.elementor-size-medium{font-size:19px}.elementor-widget-heading .elementor-heading-title.elementor-size-large{font-size:29px}.elementor-widget-heading .elementor-heading-title.elementor-size-xl{font-size:39px}.elementor-widget-heading .elementor-heading-title.elementor-size-xxl{font-size:59px}<\/style><h4 class=\"elementor-heading-title elementor-size-default\">Our commitment<\/h4>\t\t<\/div>\n\t\t\t\t<\/div>\n\t\t\t\t<div class=\"elementor-element elementor-element-740099d elementor-icon-list--layout-traditional elementor-list-item-link-full_width elementor-widget elementor-widget-icon-list\" data-id=\"740099d\" data-element_type=\"widget\" data-widget_type=\"icon-list.default\">\n\t\t\t\t<div class=\"elementor-widget-container\">\n\t\t\t<link rel=\"stylesheet\" href=\"https:\/\/aliumrestauracion.com\/wp-content\/plugins\/elementor\/assets\/css\/widget-icon-list.min.css\">\t\t<ul class=\"elementor-icon-list-items\">\n\t\t\t\t\t\t\t<li class=\"elementor-icon-list-item\">\n\t\t\t\t\t\t\t\t\t\t\t<span class=\"elementor-icon-list-icon\">\n\t\t\t\t\t\t\t<svg aria-hidden=\"true\" class=\"e-font-icon-svg e-fas-check\" viewbox=\"0 0 512 512\" xmlns=\"http:\/\/www.w3.org\/2000\/svg\"><path d=\"M173.898 439.404l-166.4-166.4c-9.997-9.997-9.997-26.206 0-36.204l36.203-36.204c9.997-9.998 26.207-9.998 36.204 0L192 312.69 432.095 72.596c9.997-9.997 26.207-9.997 36.204 0l36.203 36.204c9.997 9.997 9.997 26.206 0 36.204l-294.4 294.401c-9.998 9.997-26.207 9.997-36.204-.001z\"><\/path><\/svg>\t\t\t\t\t\t<\/span>\n\t\t\t\t\t\t\t\t\t\t<span class=\"elementor-icon-list-text\">Infant feeding is a priority in public health due to the increasing number of children with overweight and obesity and the negative impact they have on the health, as they are related to the emergence of certain diseases at this age, and\/or in adulthood.<\/span>\n\t\t\t\t\t\t\t\t\t<\/li>\n\t\t\t\t\t\t\t\t<li class=\"elementor-icon-list-item\">\n\t\t\t\t\t\t\t\t\t\t\t<span class=\"elementor-icon-list-icon\">\n\t\t\t\t\t\t\t<svg aria-hidden=\"true\" class=\"e-font-icon-svg e-fas-check\" viewbox=\"0 0 512 512\" xmlns=\"http:\/\/www.w3.org\/2000\/svg\"><path d=\"M173.898 439.404l-166.4-166.4c-9.997-9.997-9.997-26.206 0-36.204l36.203-36.204c9.997-9.998 26.207-9.998 36.204 0L192 312.69 432.095 72.596c9.997-9.997 26.207-9.997 36.204 0l36.203 36.204c9.997 9.997 9.997 26.206 0 36.204l-294.4 294.401c-9.998 9.997-26.207 9.997-36.204-.001z\"><\/path><\/svg>\t\t\t\t\t\t<\/span>\n\t\t\t\t\t\t\t\t\t\t<span class=\"elementor-icon-list-text\">It is shown that diet and dietary habits have a great influence on the health, not only short but also long-term.<\/span>\n\t\t\t\t\t\t\t\t\t<\/li>\n\t\t\t\t\t\t\t\t<li class=\"elementor-icon-list-item\">\n\t\t\t\t\t\t\t\t\t\t\t<span class=\"elementor-icon-list-icon\">\n\t\t\t\t\t\t\t<svg aria-hidden=\"true\" class=\"e-font-icon-svg e-fas-check\" viewbox=\"0 0 512 512\" xmlns=\"http:\/\/www.w3.org\/2000\/svg\"><path d=\"M173.898 439.404l-166.4-166.4c-9.997-9.997-9.997-26.206 0-36.204l36.203-36.204c9.997-9.998 26.207-9.998 36.204 0L192 312.69 432.095 72.596c9.997-9.997 26.207-9.997 36.204 0l36.203 36.204c9.997 9.997 9.997 26.206 0 36.204l-294.4 294.401c-9.998 9.997-26.207 9.997-36.204-.001z\"><\/path><\/svg>\t\t\t\t\t\t<\/span>\n\t\t\t\t\t\t\t\t\t\t<span class=\"elementor-icon-list-text\">Various studies have highlighted that many adult diseases may have their origin in childhood. It is precisely in this stage where you set up the eating habits that, almost certainly, will endure into adulthood.<\/span>\n\t\t\t\t\t\t\t\t\t<\/li>\n\t\t\t\t\t\t\t\t<li class=\"elementor-icon-list-item\">\n\t\t\t\t\t\t\t\t\t\t\t<span class=\"elementor-icon-list-icon\">\n\t\t\t\t\t\t\t<svg aria-hidden=\"true\" class=\"e-font-icon-svg e-fas-check\" viewbox=\"0 0 512 512\" xmlns=\"http:\/\/www.w3.org\/2000\/svg\"><path d=\"M173.898 439.404l-166.4-166.4c-9.997-9.997-9.997-26.206 0-36.204l36.203-36.204c9.997-9.998 26.207-9.998 36.204 0L192 312.69 432.095 72.596c9.997-9.997 26.207-9.997 36.204 0l36.203 36.204c9.997 9.997 9.997 26.206 0 36.204l-294.4 294.401c-9.998 9.997-26.207 9.997-36.204-.001z\"><\/path><\/svg>\t\t\t\t\t\t<\/span>\n\t\t\t\t\t\t\t\t\t\t<span class=\"elementor-icon-list-text\">At present, studies conducted in our community show that the population of children presents a diet that in many cases they are far from the dietary recommendations because it is hyperproteic, high fat and low in carbohydrates. It is therefore necessary to try to modify the feeding patterns of children so that they fit to the nutritional recommendations.<\/span>\n\t\t\t\t\t\t\t\t\t<\/li>\n\t\t\t\t\t\t\t\t<li class=\"elementor-icon-list-item\">\n\t\t\t\t\t\t\t\t\t\t\t<span class=\"elementor-icon-list-icon\">\n\t\t\t\t\t\t\t<svg aria-hidden=\"true\" class=\"e-font-icon-svg e-fas-check\" viewbox=\"0 0 512 512\" xmlns=\"http:\/\/www.w3.org\/2000\/svg\"><path d=\"M173.898 439.404l-166.4-166.4c-9.997-9.997-9.997-26.206 0-36.204l36.203-36.204c9.997-9.998 26.207-9.998 36.204 0L192 312.69 432.095 72.596c9.997-9.997 26.207-9.997 36.204 0l36.203 36.204c9.997 9.997 9.997 26.206 0 36.204l-294.4 294.401c-9.998 9.997-26.207 9.997-36.204-.001z\"><\/path><\/svg>\t\t\t\t\t\t<\/span>\n\t\t\t\t\t\t\t\t\t\t<span class=\"elementor-icon-list-text\">In Alium we know the importance of proper nutrition to be able to develop in the child a healthy lifestyle.<\/span>\n\t\t\t\t\t\t\t\t\t<\/li>\n\t\t\t\t\t\t<\/ul>\n\t\t\t\t<\/div>\n\t\t\t\t<\/div>\n\t\t\t\t<\/div>\n\t\t<div class=\"elementor-element elementor-element-b130e44 e-con-full e-flex e-con\" data-id=\"b130e44\" data-element_type=\"container\" data-settings=\"{&quot;content_width&quot;:&quot;full&quot;}\">\n\t\t\t\t<div class=\"elementor-element elementor-element-8107af3 elementor-widget elementor-widget-elementskit-blog-posts\" data-id=\"8107af3\" data-element_type=\"widget\" data-widget_type=\"elementskit-blog-posts.default\">\n\t\t\t\t<div class=\"elementor-widget-container\">\n\t\t\t<div class=\"ekit-wid-con\" >        <div id=\"post-items--8107af3\" class=\"row post-items\">\n                    <div class=\"col-lg-12 col-md-12\">\n\n                                    <div class=\"elementskit-post-image-card\">\n                        <div class=\"elementskit-entry-header\">\n                                                            <a href=\"https:\/\/aliumrestauracion.com\/en\/menu-febrero\/\" class=\"elementskit-entry-thumb\">\n                                    <img decoding=\"async\" src=\"https:\/\/aliumrestauracion.com\/wp-content\/uploads\/2024\/01\/nombre-abril-nombres-nombres-de-ninas-10909250.png\" alt=\"ABRIL\">\n                                <\/a><!-- .elementskit-entry-thumb END -->\n                                                            \n                            \n\t\t\t\t\t\t\t\t\t\t\t\t\t<\/div><!-- .elementskit-entry-header END -->\n\n\t\t\t\t\t\t<div class=\"elementskit-post-body\">\n\t\t\t\t\t\t\t\t\t\t\t\t\t\t\t\t\t\t\t\t<h2 class=\"entry-title\">\n\t\t\t\t\t<a href=\"https:\/\/aliumrestauracion.com\/en\/menu-febrero\/\">\n\t\t\t\t\t\tABRIL\t\t\t\t\t<\/a>\n\t\t\t\t<\/h2>\n\t\t\t\t\t\t\t\t\t\t\t\n\t\t\t\t\t\t\t\t\t\t\t\t\t\t\t\t\t\t\t\t\t\t\t\t\t\t\t\t<div class=\"post-meta-list\">\n\t\t\t\t\t\t\t\t\t\t\t\t\t\t\t\t\t\t\t\t\t\t\t\t\t\t\t\t\t\t\t\t<span class=\"meta-date\">\n\n\t\t\t\t\t\t\t\t\t\t<i aria-hidden=\"true\" class=\"icon icon-calendar3\"><\/i>\n\t\t\t\t\t\t\t\t\t\t<span class=\"meta-date-text\">\n\t\t\t\t\t\t\t\t\t\t\tJanuary 31, 2024\t\t\t\t\t\t\t\t\t\t<\/span>\n\t\t\t\t\t\t\t\t\t<\/span>\n\t\t\t\t\t\t\t\t\t\t\t\t\t\t\t\t\t\t\t\t\t\t\t\t\t\t\t\t\t\t\t\t\t\t\t\t\t\t\t\t\t\t\t\t\t\t\t\t\t\t\t\t\t\t\t\t\t\t\t\t\t\t\t\t\t\t\t\t\t\t\t\t<span class=\"post-comment\">\n\n\t\t\t\t\t\t\t\t\t\t<i aria-hidden=\"true\" class=\"icon icon-comment\"><\/i>\n\t\t\t\t\t\t\t\t\t\t<a href=\"https:\/\/aliumrestauracion.com\/en\/menu-febrero\/#respond\">0<\/a>\n\t\t\t\t\t\t\t\t\t<\/span>\n\t\t\t\t\t\t\t\t\t\t\t\t\t\t\t\t\t\t\t\t\t<\/div>\n\t\t\t\t\t\t\t\t\t\t\t\t\t\n\t\t\t\t\t\t\t\t\n\t\t\t\t\t\t\t\t\t\t\t\t\t\t\t\t\t\t\t\t\t\t\t\t\t\t\t\t\t\t\t\t\t\t\t\t\t\t\t<p>Visita nuestro apartado de men\u00fa mensual, conoce que van a comer tus hijos este mes.<\/p>\n\t\t\t\t\t\t\t\t\t\t\t\t\t\t\t\t\t\t\t\t\t\t                                                            <div class=\"btn-wraper\">\n                                                                            <a href=\"https:\/\/aliumrestauracion.com\/en\/menu-febrero\/\" class=\"elementskit-btn  whitespace--normal\" >\n                                            Ver men\u00fa                                            <svg aria-hidden=\"true\" class=\"e-font-icon-svg e-fas-arrow-right\" viewbox=\"0 0 448 512\" xmlns=\"http:\/\/www.w3.org\/2000\/svg\"><path d=\"M190.5 66.9l22.2-22.2c9.4-9.4 24.6-9.4 33.9 0L441 239c9.4 9.4 9.4 24.6 0 33.9L246.6 467.3c-9.4 9.4-24.6 9.4-33.9 0l-22.2-22.2c-9.5-9.5-9.3-25 .4-34.3L311.4 296H24c-13.3 0-24-10.7-24-24v-32c0-13.3 10.7-24 24-24h287.4L190.9 101.2c-9.8-9.3-10-24.8-.4-34.3z\"><\/path><\/svg>                                        <\/a>\n                                    \n                                                                    <\/div>\n                                                    <\/div><!-- .elementskit-post-body END -->\n                    <\/div>\n                \n            <\/div>\n                <\/div>\n       <\/div>\t\t<\/div>\n\t\t\t\t<\/div>\n\t\t\t\t<\/div>\n\t\t\t\t\t<\/div>\n\t\t\t\t<\/div>\n\t\t\t\t<\/div>\n\t\t\t\t\t\t\t<\/div>","protected":false},"excerpt":{"rendered":"<p>Nuestro compromiso La alimentaci\u00f3n infantil es un objetivo prioritario en salud p\u00fablica por el creciente n\u00famero\u00a0de ni\u00f1os que padecen de sobrepeso y obesidad y por el impacto negativo que tienen sobre la\u00a0salud, ya que est\u00e1n relacionados con la aparici\u00f3n de ciertas patolog\u00edas a esta edad y\/o en la\u00a0edad adulta. Est\u00e1 demostrado que la dieta y [&hellip;]<\/p>","protected":false},"author":1,"featured_media":0,"parent":0,"menu_order":0,"comment_status":"closed","ping_status":"closed","template":"elementor_header_footer","meta":{"footnotes":""},"yoast_head":"<!-- This site is optimized with the Yoast SEO plugin v21.0 - https:\/\/yoast.com\/wordpress\/plugins\/seo\/ -->\n<title>Colegios y colectivos &#8902; Alium Restauraci\u00f3n<\/title>\n<meta name=\"description\" content=\"Alium Restauraci\u00f3n es una empresa que ofrece servicios de restauraci\u00f3n para colectividades en Asturias y en todo el territorio espa\u00f1ol.\" \/>\n<meta name=\"robots\" content=\"index, follow, max-snippet:-1, max-image-preview:large, max-video-preview:-1\" \/>\n<link rel=\"canonical\" href=\"https:\/\/aliumrestauracion.com\/en\/colegios-y-colectivos\/\" \/>\n<meta property=\"og:locale\" content=\"en_US\" \/>\n<meta property=\"og:type\" content=\"article\" \/>\n<meta property=\"og:title\" content=\"Colegios y colectivos &#8902; Alium Restauraci\u00f3n\" \/>\n<meta property=\"og:description\" content=\"Alium Restauraci\u00f3n es una empresa que ofrece servicios de restauraci\u00f3n para colectividades en Asturias y en todo el territorio espa\u00f1ol.\" \/>\n<meta property=\"og:url\" content=\"https:\/\/aliumrestauracion.com\/en\/colegios-y-colectivos\/\" \/>\n<meta property=\"og:site_name\" content=\"Alium Restauraci\u00f3n\" \/>\n<meta property=\"article:modified_time\" content=\"2023-09-26T08:22:59+00:00\" \/>\n<meta property=\"og:image\" content=\"https:\/\/aliumrestauracion.com\/wp-content\/uploads\/2023\/08\/OIP.jpg\" \/>\n<meta name=\"twitter:card\" content=\"summary_large_image\" \/>\n<meta name=\"twitter:label1\" content=\"Est. reading time\" \/>\n\t<meta name=\"twitter:data1\" content=\"2 minutes\" \/>\n<script type=\"application\/ld+json\" class=\"yoast-schema-graph\">{\"@context\":\"https:\/\/schema.org\",\"@graph\":[{\"@type\":\"WebPage\",\"@id\":\"https:\/\/aliumrestauracion.com\/colegios-y-colectivos\/\",\"url\":\"https:\/\/aliumrestauracion.com\/colegios-y-colectivos\/\",\"name\":\"Colegios y colectivos &#8902; Alium Restauraci\u00f3n\",\"isPartOf\":{\"@id\":\"https:\/\/aliumrestauracion.com\/#website\"},\"datePublished\":\"2023-08-21T13:01:15+00:00\",\"dateModified\":\"2023-09-26T08:22:59+00:00\",\"description\":\"Alium Restauraci\u00f3n es una empresa que ofrece servicios de restauraci\u00f3n para colectividades en Asturias y en todo el territorio espa\u00f1ol.\",\"breadcrumb\":{\"@id\":\"https:\/\/aliumrestauracion.com\/colegios-y-colectivos\/#breadcrumb\"},\"inLanguage\":\"en-US\",\"potentialAction\":[{\"@type\":\"ReadAction\",\"target\":[\"https:\/\/aliumrestauracion.com\/colegios-y-colectivos\/\"]}]},{\"@type\":\"BreadcrumbList\",\"@id\":\"https:\/\/aliumrestauracion.com\/colegios-y-colectivos\/#breadcrumb\",\"itemListElement\":[{\"@type\":\"ListItem\",\"position\":1,\"name\":\"Portada\",\"item\":\"https:\/\/aliumrestauracion.com\/\"},{\"@type\":\"ListItem\",\"position\":2,\"name\":\"Colegios y colectivos\"}]},{\"@type\":\"WebSite\",\"@id\":\"https:\/\/aliumrestauracion.com\/#website\",\"url\":\"https:\/\/aliumrestauracion.com\/\",\"name\":\"Empresa de restauraci\u00f3n\",\"description\":\"Empresa de restauraci\u00f3n\",\"publisher\":{\"@id\":\"https:\/\/aliumrestauracion.com\/#organization\"},\"alternateName\":\"Alium Restauraci\u00f3n\",\"potentialAction\":[{\"@type\":\"SearchAction\",\"target\":{\"@type\":\"EntryPoint\",\"urlTemplate\":\"https:\/\/aliumrestauracion.com\/?s={search_term_string}\"},\"query-input\":\"required name=search_term_string\"}],\"inLanguage\":\"en-US\"},{\"@type\":\"Organization\",\"@id\":\"https:\/\/aliumrestauracion.com\/#organization\",\"name\":\"Empresa de restauraci\u00f3n\",\"url\":\"https:\/\/aliumrestauracion.com\/\",\"logo\":{\"@type\":\"ImageObject\",\"inLanguage\":\"en-US\",\"@id\":\"https:\/\/aliumrestauracion.com\/#\/schema\/logo\/image\/\",\"url\":\"https:\/\/aliumrestauracion.com\/wp-content\/uploads\/2023\/08\/cropped-Logo-ini.png\",\"contentUrl\":\"https:\/\/aliumrestauracion.com\/wp-content\/uploads\/2023\/08\/cropped-Logo-ini.png\",\"width\":4153,\"height\":1664,\"caption\":\"Empresa de restauraci\u00f3n\"},\"image\":{\"@id\":\"https:\/\/aliumrestauracion.com\/#\/schema\/logo\/image\/\"}}]}<\/script>\n<!-- \/ Yoast SEO plugin. -->","yoast_head_json":{"title":"Colegios y colectivos &#8902; Alium Restauraci\u00f3n","description":"Alium Restauraci\u00f3n es una empresa que ofrece servicios de restauraci\u00f3n para colectividades en Asturias y en todo el territorio espa\u00f1ol.","robots":{"index":"index","follow":"follow","max-snippet":"max-snippet:-1","max-image-preview":"max-image-preview:large","max-video-preview":"max-video-preview:-1"},"canonical":"https:\/\/aliumrestauracion.com\/en\/colegios-y-colectivos\/","og_locale":"en_US","og_type":"article","og_title":"Colegios y colectivos &#8902; Alium Restauraci\u00f3n","og_description":"Alium Restauraci\u00f3n es una empresa que ofrece servicios de restauraci\u00f3n para colectividades en Asturias y en todo el territorio espa\u00f1ol.","og_url":"https:\/\/aliumrestauracion.com\/en\/colegios-y-colectivos\/","og_site_name":"Alium Restauraci\u00f3n","article_modified_time":"2023-09-26T08:22:59+00:00","og_image":[{"url":"https:\/\/aliumrestauracion.com\/wp-content\/uploads\/2023\/08\/OIP.jpg"}],"twitter_card":"summary_large_image","twitter_misc":{"Est. reading time":"2 minutes"},"schema":{"@context":"https:\/\/schema.org","@graph":[{"@type":"WebPage","@id":"https:\/\/aliumrestauracion.com\/colegios-y-colectivos\/","url":"https:\/\/aliumrestauracion.com\/colegios-y-colectivos\/","name":"Colegios y colectivos &#8902; Alium Restauraci\u00f3n","isPartOf":{"@id":"https:\/\/aliumrestauracion.com\/#website"},"datePublished":"2023-08-21T13:01:15+00:00","dateModified":"2023-09-26T08:22:59+00:00","description":"Alium Restauraci\u00f3n es una empresa que ofrece servicios de restauraci\u00f3n para colectividades en Asturias y en todo el territorio espa\u00f1ol.","breadcrumb":{"@id":"https:\/\/aliumrestauracion.com\/colegios-y-colectivos\/#breadcrumb"},"inLanguage":"en-US","potentialAction":[{"@type":"ReadAction","target":["https:\/\/aliumrestauracion.com\/colegios-y-colectivos\/"]}]},{"@type":"BreadcrumbList","@id":"https:\/\/aliumrestauracion.com\/colegios-y-colectivos\/#breadcrumb","itemListElement":[{"@type":"ListItem","position":1,"name":"Portada","item":"https:\/\/aliumrestauracion.com\/"},{"@type":"ListItem","position":2,"name":"Colegios y colectivos"}]},{"@type":"WebSite","@id":"https:\/\/aliumrestauracion.com\/#website","url":"https:\/\/aliumrestauracion.com\/","name":"Empresa de restauraci\u00f3n","description":"Empresa de restauraci\u00f3n","publisher":{"@id":"https:\/\/aliumrestauracion.com\/#organization"},"alternateName":"Alium Restauraci\u00f3n","potentialAction":[{"@type":"SearchAction","target":{"@type":"EntryPoint","urlTemplate":"https:\/\/aliumrestauracion.com\/?s={search_term_string}"},"query-input":"required name=search_term_string"}],"inLanguage":"en-US"},{"@type":"Organization","@id":"https:\/\/aliumrestauracion.com\/#organization","name":"Empresa de restauraci\u00f3n","url":"https:\/\/aliumrestauracion.com\/","logo":{"@type":"ImageObject","inLanguage":"en-US","@id":"https:\/\/aliumrestauracion.com\/#\/schema\/logo\/image\/","url":"https:\/\/aliumrestauracion.com\/wp-content\/uploads\/2023\/08\/cropped-Logo-ini.png","contentUrl":"https:\/\/aliumrestauracion.com\/wp-content\/uploads\/2023\/08\/cropped-Logo-ini.png","width":4153,"height":1664,"caption":"Empresa de restauraci\u00f3n"},"image":{"@id":"https:\/\/aliumrestauracion.com\/#\/schema\/logo\/image\/"}}]}},"_links":{"self":[{"href":"https:\/\/aliumrestauracion.com\/en\/wp-json\/wp\/v2\/pages\/444"}],"collection":[{"href":"https:\/\/aliumrestauracion.com\/en\/wp-json\/wp\/v2\/pages"}],"about":[{"href":"https:\/\/aliumrestauracion.com\/en\/wp-json\/wp\/v2\/types\/page"}],"author":[{"embeddable":true,"href":"https:\/\/aliumrestauracion.com\/en\/wp-json\/wp\/v2\/users\/1"}],"replies":[{"embeddable":true,"href":"https:\/\/aliumrestauracion.com\/en\/wp-json\/wp\/v2\/comments?post=444"}],"version-history":[{"count":394,"href":"https:\/\/aliumrestauracion.com\/en\/wp-json\/wp\/v2\/pages\/444\/revisions"}],"predecessor-version":[{"id":3596,"href":"https:\/\/aliumrestauracion.com\/en\/wp-json\/wp\/v2\/pages\/444\/revisions\/3596"}],"wp:attachment":[{"href":"https:\/\/aliumrestauracion.com\/en\/wp-json\/wp\/v2\/media?parent=444"}],"curies":[{"name":"wp","href":"https:\/\/api.w.org\/{rel}","templated":true}]}}