{"id":2181,"date":"2023-08-25T09:37:47","date_gmt":"2023-08-25T09:37:47","guid":{"rendered":"https:\/\/aliumrestauracion.com\/?page_id=2181"},"modified":"2023-08-25T09:38:21","modified_gmt":"2023-08-25T09:38:21","slug":"aviso-legal","status":"publish","type":"page","link":"https:\/\/aliumrestauracion.com\/en\/aviso-legal\/","title":{"rendered":"Legal notice"},"content":{"rendered":"<div data-elementor-type=\"wp-page\" data-elementor-id=\"2181\" class=\"elementor elementor-2181\">\n\t\t\t\t\t\t\t<div class=\"elementor-element elementor-element-e7a3dd1 e-flex e-con-boxed e-con\" data-id=\"e7a3dd1\" data-element_type=\"container\" data-settings=\"{&quot;content_width&quot;:&quot;boxed&quot;}\">\n\t\t\t\t\t<div class=\"e-con-inner\">\n\t\t\t\t<div class=\"elementor-element elementor-element-15a7d8e elementor-widget elementor-widget-heading\" data-id=\"15a7d8e\" data-element_type=\"widget\" data-widget_type=\"heading.default\">\n\t\t\t\t<div class=\"elementor-widget-container\">\n\t\t\t<style>\/*! elementor - v3.15.0 - 20-08-2023 *\/\n.elementor-heading-title{padding:0;margin:0;line-height:1}.elementor-widget-heading .elementor-heading-title[class*=elementor-size-]>a{color:inherit;font-size:inherit;line-height:inherit}.elementor-widget-heading .elementor-heading-title.elementor-size-small{font-size:15px}.elementor-widget-heading .elementor-heading-title.elementor-size-medium{font-size:19px}.elementor-widget-heading .elementor-heading-title.elementor-size-large{font-size:29px}.elementor-widget-heading .elementor-heading-title.elementor-size-xl{font-size:39px}.elementor-widget-heading .elementor-heading-title.elementor-size-xxl{font-size:59px}<\/style><h4 class=\"elementor-heading-title elementor-size-default\">Legal notice<\/h4>\t\t<\/div>\n\t\t\t\t<\/div>\n\t\t\t\t<div class=\"elementor-element elementor-element-14617df elementor-widget elementor-widget-text-editor\" data-id=\"14617df\" data-element_type=\"widget\" data-widget_type=\"text-editor.default\">\n\t\t\t\t<div class=\"elementor-widget-container\">\n\t\t\t<style>\/*! elementor - v3.15.0 - 20-08-2023 *\/\n.elementor-widget-text-editor.elementor-drop-cap-view-stacked .elementor-drop-cap{background-color:#69727d;color:#fff}.elementor-widget-text-editor.elementor-drop-cap-view-framed .elementor-drop-cap{color:#69727d;border:3px solid;background-color:transparent}.elementor-widget-text-editor:not(.elementor-drop-cap-view-default) .elementor-drop-cap{margin-top:8px}.elementor-widget-text-editor:not(.elementor-drop-cap-view-default) .elementor-drop-cap-letter{width:1em;height:1em}.elementor-widget-text-editor .elementor-drop-cap{float:left;text-align:center;line-height:1;font-size:50px}.elementor-widget-text-editor .elementor-drop-cap-letter{display:inline-block}<\/style>\t\t\t\t<table width=\"576\"><tbody><tr><td colspan=\"2\" width=\"576\"><p>Informaci\u00f3n b\u00e1sica sobre protecci\u00f3n de datos<\/p><\/td><\/tr><tr><td width=\"283\"><p>Responsable del tratamiento<\/p><\/td><td width=\"293\"><p>ALIUM R. ASTURIAS, S.L., ALIUM COLECTIVIDADES S.L. Y ALIUM RESTAURACI\u00d3N, S.L.<\/p><\/td><\/tr><tr><td width=\"283\"><p>Finalidad del tratamiento<\/p><\/td><td width=\"293\"><p>Navegaci\u00f3n por la web y mejora de la experiencia del usuario.<\/p><\/td><\/tr><tr><td width=\"283\"><p>Legitimaci\u00f3n para el tratamiento de sus datos personales<\/p><\/td><td width=\"293\"><p>Consentimiento del interesado, inter\u00e9s leg\u00edtimo del responsable.<\/p><\/td><\/tr><tr><td width=\"283\"><p>Destinatarios<\/p><\/td><td width=\"293\"><p>Pueden realizarse comunicaciones entre empresas del grupo de los datos personales de los usuarios, as\u00ed como a terceros previa solicitud de su consentimiento expreso para ello, salvo obligaci\u00f3n legal o ejecuciones de contratos.<\/p><\/td><\/tr><tr><td width=\"283\"><p>Derechos<\/p><\/td><td width=\"293\"><p>Puede ejercer los derechos de acceso, rectificaci\u00f3n, supresi\u00f3n, limitaci\u00f3n del tratamiento, portabilidad, oposici\u00f3n y a no ser objeto de decisiones automatizadas, incluyendo la elaboraci\u00f3n de perfiles.<\/p><\/td><\/tr><tr><td width=\"283\"><p>Informaci\u00f3n adicional<\/p><\/td><td width=\"293\"><p>Puede consultar informaci\u00f3n adicional y detallada sobre protecci\u00f3n de datos en el presente Aviso legal, en nuestra\u00a0<a href=\"https:\/\/aliumrestauracion.com\/en\/privacidad\/\"><u>Privacy policy<\/u><\/a>\u00a0, en la\u00a0<a href=\"https:\/\/aliumrestauracion.com\/en\/politica-de-cookies\/\"><u>Pol\u00edtica de\u00a0<em>Cookies<\/em><\/u><\/a>\u00a0\u00a0y en los\u00a0<a href=\"https:\/\/aliumrestauracion.com\/en\/terminos-condiciones-de-uso\/\"><u>T\u00e9rminos y condiciones<\/u><\/a>\u00a0 del presente sitio web.<\/p><\/td><\/tr><\/tbody><\/table><p>En virtud del presente\u00a0<u>Aviso Legal<\/u>, se le informa que los titulares de este sitio web con dominio\u00a0<a href=\"https:\/\/aliumrestauracion.com\/en\/\">www.aliumrestauracion.com<\/a>\u00a0\u00a0son:<\/p><ul><li><strong>Identificaci\u00f3n de los titulares del sitio web:<\/strong><\/li><li>ALIUM R. ASTURIAS SL; NIF: B74413634; Sociedad inscrita en el Registro Mercantil de Asturias, Tomo 4211, Folio 172, Hoja Inscripci\u00f3n 1 AS-50137; R.G.S.E.A.A: 26.016450\/O<\/li><li>ALIUM COLECTIVIDADES SL; NIF<strong>:<\/strong>\u00a0B74413626; Sociedad inscrita en el Registro Mercantil de Asturias, Tomo 4213, Folio 17, Hoja Inscripci\u00f3n 1 AS-50153<\/li><li>ALIUM RESTAURACION SL; NIF: B74370438; Sociedad inscrita en el Registro Mercantil de Asturias, Tomo 4090,\u00a0 Folio 204, Hoja Inscripci\u00f3n 1 AS-46918<\/li><li><strong>Domicilio\/Domicilio social:<\/strong>\u00a0C\/ CAVEDA, N.\u00ba 21, 1\u00ba<\/li><li><strong>C\u00f3digo postal y poblaci\u00f3n:<\/strong>\u00a033002, OVIEDO, ASTURIAS<\/li><li>Direcci\u00f3n de correo electr\u00f3nico:\u00a0<a href=\"mailto:info@aliumrestauracion.com\">info@aliumrestauracion.com<\/a><\/li><li>Tel\u00e9fono: 639 574 781<\/li><\/ul><p>Si desea obtener m\u00e1s informaci\u00f3n sobre nuestras pol\u00edticas en materia de protecci\u00f3n de datos, puede ponerse en contacto con nosotros a trav\u00e9s de la direcci\u00f3n de correo electr\u00f3nico\u00a0<a href=\"mailto:info@aliumrestauracion.com\">info@aliumrestauracion.com<\/a>\u00a0o visitar los siguientes enlaces:<\/p><ul><li><a href=\"https:\/\/aliumrestauracion.com\/en\/terminos-condiciones-de-uso\/\"><u>T\u00e9rminos y condiciones<\/u><\/a>\u00a0<\/li><li><a href=\"https:\/\/aliumrestauracion.com\/en\/politica-de-cookies\/\"><u>Pol\u00edtica de\u00a0<em>Cookies<\/em><\/u><\/a><\/li><li><a href=\"https:\/\/aliumrestauracion.com\/en\/privacidad\/\"><u>Privacy policy<\/u><\/a><\/li><\/ul><p>Para otras cuestiones en este \u00e1mbito, puede visitar la web de la Agencia Espa\u00f1ola de Protecci\u00f3n de Datos (AEPD):\u00a0<strong><a href=\"https:\/\/www.aepd.es\/es\">https:\/\/www.aepd.es\/es<\/a><\/strong>.<\/p>\t\t\t\t\t\t<\/div>\n\t\t\t\t<\/div>\n\t\t\t\t\t<\/div>\n\t\t\t\t<\/div>\n\t\t\t\t\t\t\t<\/div>","protected":false},"excerpt":{"rendered":"<p>Aviso legal Informaci\u00f3n b\u00e1sica sobre protecci\u00f3n de datos Responsable del tratamiento ALIUM R. ASTURIAS, S.L., ALIUM COLECTIVIDADES S.L. Y ALIUM RESTAURACI\u00d3N, S.L. Finalidad del tratamiento Navegaci\u00f3n por la web y mejora de la experiencia del usuario. Legitimaci\u00f3n para el tratamiento de sus datos personales Consentimiento del interesado, inter\u00e9s leg\u00edtimo del responsable. Destinatarios Pueden realizarse comunicaciones [&hellip;]<\/p>","protected":false},"author":1,"featured_media":0,"parent":0,"menu_order":0,"comment_status":"closed","ping_status":"closed","template":"elementor_header_footer","meta":{"footnotes":""},"yoast_head":"<!-- This site is optimized with the Yoast SEO plugin v21.0 - https:\/\/yoast.com\/wordpress\/plugins\/seo\/ -->\n<title>Aviso legal &#8902; Alium Restauraci\u00f3n<\/title>\n<meta name=\"robots\" content=\"index, follow, max-snippet:-1, max-image-preview:large, max-video-preview:-1\" \/>\n<link rel=\"canonical\" href=\"https:\/\/aliumrestauracion.com\/en\/aviso-legal\/\" \/>\n<meta property=\"og:locale\" content=\"en_US\" \/>\n<meta property=\"og:type\" content=\"article\" \/>\n<meta property=\"og:title\" content=\"Aviso legal &#8902; Alium Restauraci\u00f3n\" \/>\n<meta property=\"og:description\" content=\"Aviso legal Informaci\u00f3n b\u00e1sica sobre protecci\u00f3n de datos Responsable del tratamiento ALIUM R. ASTURIAS, S.L., ALIUM COLECTIVIDADES S.L. Y ALIUM RESTAURACI\u00d3N, S.L. Finalidad del tratamiento Navegaci\u00f3n por la web y mejora de la experiencia del usuario. Legitimaci\u00f3n para el tratamiento de sus datos personales Consentimiento del interesado, inter\u00e9s leg\u00edtimo del responsable. Destinatarios Pueden realizarse comunicaciones [&hellip;]\" \/>\n<meta property=\"og:url\" content=\"https:\/\/aliumrestauracion.com\/en\/aviso-legal\/\" \/>\n<meta property=\"og:site_name\" content=\"Alium Restauraci\u00f3n\" \/>\n<meta property=\"article:modified_time\" content=\"2023-08-25T09:38:21+00:00\" \/>\n<meta property=\"og:image\" content=\"https:\/\/aliumrestauracion.com\/wp-content\/uploads\/2023\/08\/Logo-ini.png\" \/>\n\t<meta property=\"og:image:width\" content=\"4153\" \/>\n\t<meta property=\"og:image:height\" content=\"1666\" \/>\n\t<meta property=\"og:image:type\" content=\"image\/png\" \/>\n<meta name=\"twitter:card\" content=\"summary_large_image\" \/>\n<meta name=\"twitter:label1\" content=\"Est. reading time\" \/>\n\t<meta name=\"twitter:data1\" content=\"2 minutes\" \/>\n<script type=\"application\/ld+json\" class=\"yoast-schema-graph\">{\"@context\":\"https:\/\/schema.org\",\"@graph\":[{\"@type\":\"WebPage\",\"@id\":\"https:\/\/aliumrestauracion.com\/aviso-legal\/\",\"url\":\"https:\/\/aliumrestauracion.com\/aviso-legal\/\",\"name\":\"Aviso legal &#8902; Alium Restauraci\u00f3n\",\"isPartOf\":{\"@id\":\"https:\/\/aliumrestauracion.com\/#website\"},\"datePublished\":\"2023-08-25T09:37:47+00:00\",\"dateModified\":\"2023-08-25T09:38:21+00:00\",\"breadcrumb\":{\"@id\":\"https:\/\/aliumrestauracion.com\/aviso-legal\/#breadcrumb\"},\"inLanguage\":\"en-US\",\"potentialAction\":[{\"@type\":\"ReadAction\",\"target\":[\"https:\/\/aliumrestauracion.com\/aviso-legal\/\"]}]},{\"@type\":\"BreadcrumbList\",\"@id\":\"https:\/\/aliumrestauracion.com\/aviso-legal\/#breadcrumb\",\"itemListElement\":[{\"@type\":\"ListItem\",\"position\":1,\"name\":\"Portada\",\"item\":\"https:\/\/aliumrestauracion.com\/\"},{\"@type\":\"ListItem\",\"position\":2,\"name\":\"Aviso legal\"}]},{\"@type\":\"WebSite\",\"@id\":\"https:\/\/aliumrestauracion.com\/#website\",\"url\":\"https:\/\/aliumrestauracion.com\/\",\"name\":\"Empresa de restauraci\u00f3n\",\"description\":\"Empresa de restauraci\u00f3n\",\"publisher\":{\"@id\":\"https:\/\/aliumrestauracion.com\/#organization\"},\"alternateName\":\"Alium Restauraci\u00f3n\",\"potentialAction\":[{\"@type\":\"SearchAction\",\"target\":{\"@type\":\"EntryPoint\",\"urlTemplate\":\"https:\/\/aliumrestauracion.com\/?s={search_term_string}\"},\"query-input\":\"required name=search_term_string\"}],\"inLanguage\":\"en-US\"},{\"@type\":\"Organization\",\"@id\":\"https:\/\/aliumrestauracion.com\/#organization\",\"name\":\"Empresa de restauraci\u00f3n\",\"url\":\"https:\/\/aliumrestauracion.com\/\",\"logo\":{\"@type\":\"ImageObject\",\"inLanguage\":\"en-US\",\"@id\":\"https:\/\/aliumrestauracion.com\/#\/schema\/logo\/image\/\",\"url\":\"https:\/\/aliumrestauracion.com\/wp-content\/uploads\/2023\/08\/cropped-Logo-ini.png\",\"contentUrl\":\"https:\/\/aliumrestauracion.com\/wp-content\/uploads\/2023\/08\/cropped-Logo-ini.png\",\"width\":4153,\"height\":1664,\"caption\":\"Empresa de restauraci\u00f3n\"},\"image\":{\"@id\":\"https:\/\/aliumrestauracion.com\/#\/schema\/logo\/image\/\"}}]}<\/script>\n<!-- \/ Yoast SEO plugin. -->","yoast_head_json":{"title":"Aviso legal &#8902; Alium Restauraci\u00f3n","robots":{"index":"index","follow":"follow","max-snippet":"max-snippet:-1","max-image-preview":"max-image-preview:large","max-video-preview":"max-video-preview:-1"},"canonical":"https:\/\/aliumrestauracion.com\/en\/aviso-legal\/","og_locale":"en_US","og_type":"article","og_title":"Aviso legal &#8902; Alium Restauraci\u00f3n","og_description":"Aviso legal Informaci\u00f3n b\u00e1sica sobre protecci\u00f3n de datos Responsable del tratamiento ALIUM R. ASTURIAS, S.L., ALIUM COLECTIVIDADES S.L. Y ALIUM RESTAURACI\u00d3N, S.L. Finalidad del tratamiento Navegaci\u00f3n por la web y mejora de la experiencia del usuario. Legitimaci\u00f3n para el tratamiento de sus datos personales Consentimiento del interesado, inter\u00e9s leg\u00edtimo del responsable. Destinatarios Pueden realizarse comunicaciones [&hellip;]","og_url":"https:\/\/aliumrestauracion.com\/en\/aviso-legal\/","og_site_name":"Alium Restauraci\u00f3n","article_modified_time":"2023-08-25T09:38:21+00:00","og_image":[{"width":4153,"height":1666,"url":"https:\/\/aliumrestauracion.com\/wp-content\/uploads\/2023\/08\/Logo-ini.png","type":"image\/png"}],"twitter_card":"summary_large_image","twitter_misc":{"Est. reading time":"2 minutes"},"schema":{"@context":"https:\/\/schema.org","@graph":[{"@type":"WebPage","@id":"https:\/\/aliumrestauracion.com\/aviso-legal\/","url":"https:\/\/aliumrestauracion.com\/aviso-legal\/","name":"Aviso legal &#8902; Alium Restauraci\u00f3n","isPartOf":{"@id":"https:\/\/aliumrestauracion.com\/#website"},"datePublished":"2023-08-25T09:37:47+00:00","dateModified":"2023-08-25T09:38:21+00:00","breadcrumb":{"@id":"https:\/\/aliumrestauracion.com\/aviso-legal\/#breadcrumb"},"inLanguage":"en-US","potentialAction":[{"@type":"ReadAction","target":["https:\/\/aliumrestauracion.com\/aviso-legal\/"]}]},{"@type":"BreadcrumbList","@id":"https:\/\/aliumrestauracion.com\/aviso-legal\/#breadcrumb","itemListElement":[{"@type":"ListItem","position":1,"name":"Portada","item":"https:\/\/aliumrestauracion.com\/"},{"@type":"ListItem","position":2,"name":"Aviso legal"}]},{"@type":"WebSite","@id":"https:\/\/aliumrestauracion.com\/#website","url":"https:\/\/aliumrestauracion.com\/","name":"Empresa de restauraci\u00f3n","description":"Empresa de restauraci\u00f3n","publisher":{"@id":"https:\/\/aliumrestauracion.com\/#organization"},"alternateName":"Alium Restauraci\u00f3n","potentialAction":[{"@type":"SearchAction","target":{"@type":"EntryPoint","urlTemplate":"https:\/\/aliumrestauracion.com\/?s={search_term_string}"},"query-input":"required name=search_term_string"}],"inLanguage":"en-US"},{"@type":"Organization","@id":"https:\/\/aliumrestauracion.com\/#organization","name":"Empresa de restauraci\u00f3n","url":"https:\/\/aliumrestauracion.com\/","logo":{"@type":"ImageObject","inLanguage":"en-US","@id":"https:\/\/aliumrestauracion.com\/#\/schema\/logo\/image\/","url":"https:\/\/aliumrestauracion.com\/wp-content\/uploads\/2023\/08\/cropped-Logo-ini.png","contentUrl":"https:\/\/aliumrestauracion.com\/wp-content\/uploads\/2023\/08\/cropped-Logo-ini.png","width":4153,"height":1664,"caption":"Empresa de restauraci\u00f3n"},"image":{"@id":"https:\/\/aliumrestauracion.com\/#\/schema\/logo\/image\/"}}]}},"_links":{"self":[{"href":"https:\/\/aliumrestauracion.com\/en\/wp-json\/wp\/v2\/pages\/2181"}],"collection":[{"href":"https:\/\/aliumrestauracion.com\/en\/wp-json\/wp\/v2\/pages"}],"about":[{"href":"https:\/\/aliumrestauracion.com\/en\/wp-json\/wp\/v2\/types\/page"}],"author":[{"embeddable":true,"href":"https:\/\/aliumrestauracion.com\/en\/wp-json\/wp\/v2\/users\/1"}],"replies":[{"embeddable":true,"href":"https:\/\/aliumrestauracion.com\/en\/wp-json\/wp\/v2\/comments?post=2181"}],"version-history":[{"count":4,"href":"https:\/\/aliumrestauracion.com\/en\/wp-json\/wp\/v2\/pages\/2181\/revisions"}],"predecessor-version":[{"id":2185,"href":"https:\/\/aliumrestauracion.com\/en\/wp-json\/wp\/v2\/pages\/2181\/revisions\/2185"}],"wp:attachment":[{"href":"https:\/\/aliumrestauracion.com\/en\/wp-json\/wp\/v2\/media?parent=2181"}],"curies":[{"name":"wp","href":"https:\/\/api.w.org\/{rel}","templated":true}]}}