{"id":1062,"date":"2023-08-22T14:28:58","date_gmt":"2023-08-22T14:28:58","guid":{"rendered":"https:\/\/aliumrestauracion.com\/?page_id=1062"},"modified":"2023-09-25T15:50:06","modified_gmt":"2023-09-25T15:50:06","slug":"limpieza-jardineria-y-servicios","status":"publish","type":"page","link":"https:\/\/aliumrestauracion.com\/en\/limpieza-jardineria-y-servicios\/","title":{"rendered":"Limpieza, jardiner\u00eda y servicios"},"content":{"rendered":"<div data-elementor-type=\"wp-page\" data-elementor-id=\"1062\" class=\"elementor elementor-1062\">\n\t\t\t\t\t\t\t<div class=\"elementor-element elementor-element-3a61c59 e-flex e-con-boxed e-con\" data-id=\"3a61c59\" data-element_type=\"container\" data-settings=\"{&quot;background_background&quot;:&quot;classic&quot;,&quot;content_width&quot;:&quot;boxed&quot;}\">\n\t\t\t\t\t<div class=\"e-con-inner\">\n\t\t\t\t<div class=\"elementor-element elementor-element-44cade5 elementor-widget elementor-widget-heading\" data-id=\"44cade5\" data-element_type=\"widget\" data-widget_type=\"heading.default\">\n\t\t\t\t<div class=\"elementor-widget-container\">\n\t\t\t<style>\/*! elementor - v3.15.0 - 20-08-2023 *\/\n.elementor-heading-title{padding:0;margin:0;line-height:1}.elementor-widget-heading .elementor-heading-title[class*=elementor-size-]>a{color:inherit;font-size:inherit;line-height:inherit}.elementor-widget-heading .elementor-heading-title.elementor-size-small{font-size:15px}.elementor-widget-heading .elementor-heading-title.elementor-size-medium{font-size:19px}.elementor-widget-heading .elementor-heading-title.elementor-size-large{font-size:29px}.elementor-widget-heading .elementor-heading-title.elementor-size-xl{font-size:39px}.elementor-widget-heading .elementor-heading-title.elementor-size-xxl{font-size:59px}<\/style><h2 class=\"elementor-heading-title elementor-size-default\">ESTAMOS CREANDO EL CONTENIDO<\/h2>\t\t<\/div>\n\t\t\t\t<\/div>\n\t\t\t\t<div class=\"elementor-element elementor-element-da46734 elementor-widget elementor-widget-text-editor\" data-id=\"da46734\" data-element_type=\"widget\" data-widget_type=\"text-editor.default\">\n\t\t\t\t<div class=\"elementor-widget-container\">\n\t\t\t<style>\/*! elementor - v3.15.0 - 20-08-2023 *\/\n.elementor-widget-text-editor.elementor-drop-cap-view-stacked .elementor-drop-cap{background-color:#69727d;color:#fff}.elementor-widget-text-editor.elementor-drop-cap-view-framed .elementor-drop-cap{color:#69727d;border:3px solid;background-color:transparent}.elementor-widget-text-editor:not(.elementor-drop-cap-view-default) .elementor-drop-cap{margin-top:8px}.elementor-widget-text-editor:not(.elementor-drop-cap-view-default) .elementor-drop-cap-letter{width:1em;height:1em}.elementor-widget-text-editor .elementor-drop-cap{float:left;text-align:center;line-height:1;font-size:50px}.elementor-widget-text-editor .elementor-drop-cap-letter{display:inline-block}<\/style>\t\t\t\t<p>S\u00e9 paciente, ya casi acabamos&#8230;<\/p>\t\t\t\t\t\t<\/div>\n\t\t\t\t<\/div>\n\t\t\t\t<div class=\"elementor-element elementor-element-7177cc8 hfe-nav-menu__align-center hfe-nav-menu__breakpoint-none hfe-submenu-icon-arrow hfe-submenu-animation-none hfe-link-redirect-child elementor-widget elementor-widget-navigation-menu\" data-id=\"7177cc8\" data-element_type=\"widget\" data-settings=\"{&quot;padding_horizontal_menu_item&quot;:{&quot;unit&quot;:&quot;px&quot;,&quot;size&quot;:15,&quot;sizes&quot;:[]},&quot;padding_horizontal_menu_item_tablet&quot;:{&quot;unit&quot;:&quot;px&quot;,&quot;size&quot;:&quot;&quot;,&quot;sizes&quot;:[]},&quot;padding_horizontal_menu_item_mobile&quot;:{&quot;unit&quot;:&quot;px&quot;,&quot;size&quot;:&quot;&quot;,&quot;sizes&quot;:[]},&quot;padding_vertical_menu_item&quot;:{&quot;unit&quot;:&quot;px&quot;,&quot;size&quot;:15,&quot;sizes&quot;:[]},&quot;padding_vertical_menu_item_tablet&quot;:{&quot;unit&quot;:&quot;px&quot;,&quot;size&quot;:&quot;&quot;,&quot;sizes&quot;:[]},&quot;padding_vertical_menu_item_mobile&quot;:{&quot;unit&quot;:&quot;px&quot;,&quot;size&quot;:&quot;&quot;,&quot;sizes&quot;:[]},&quot;menu_space_between&quot;:{&quot;unit&quot;:&quot;px&quot;,&quot;size&quot;:&quot;&quot;,&quot;sizes&quot;:[]},&quot;menu_space_between_tablet&quot;:{&quot;unit&quot;:&quot;px&quot;,&quot;size&quot;:&quot;&quot;,&quot;sizes&quot;:[]},&quot;menu_space_between_mobile&quot;:{&quot;unit&quot;:&quot;px&quot;,&quot;size&quot;:&quot;&quot;,&quot;sizes&quot;:[]},&quot;menu_row_space&quot;:{&quot;unit&quot;:&quot;px&quot;,&quot;size&quot;:&quot;&quot;,&quot;sizes&quot;:[]},&quot;menu_row_space_tablet&quot;:{&quot;unit&quot;:&quot;px&quot;,&quot;size&quot;:&quot;&quot;,&quot;sizes&quot;:[]},&quot;menu_row_space_mobile&quot;:{&quot;unit&quot;:&quot;px&quot;,&quot;size&quot;:&quot;&quot;,&quot;sizes&quot;:[]},&quot;dropdown_border_radius&quot;:{&quot;unit&quot;:&quot;px&quot;,&quot;top&quot;:&quot;&quot;,&quot;right&quot;:&quot;&quot;,&quot;bottom&quot;:&quot;&quot;,&quot;left&quot;:&quot;&quot;,&quot;isLinked&quot;:true},&quot;dropdown_border_radius_tablet&quot;:{&quot;unit&quot;:&quot;px&quot;,&quot;top&quot;:&quot;&quot;,&quot;right&quot;:&quot;&quot;,&quot;bottom&quot;:&quot;&quot;,&quot;left&quot;:&quot;&quot;,&quot;isLinked&quot;:true},&quot;dropdown_border_radius_mobile&quot;:{&quot;unit&quot;:&quot;px&quot;,&quot;top&quot;:&quot;&quot;,&quot;right&quot;:&quot;&quot;,&quot;bottom&quot;:&quot;&quot;,&quot;left&quot;:&quot;&quot;,&quot;isLinked&quot;:true},&quot;width_dropdown_item&quot;:{&quot;unit&quot;:&quot;px&quot;,&quot;size&quot;:&quot;220&quot;,&quot;sizes&quot;:[]},&quot;width_dropdown_item_tablet&quot;:{&quot;unit&quot;:&quot;px&quot;,&quot;size&quot;:&quot;&quot;,&quot;sizes&quot;:[]},&quot;width_dropdown_item_mobile&quot;:{&quot;unit&quot;:&quot;px&quot;,&quot;size&quot;:&quot;&quot;,&quot;sizes&quot;:[]},&quot;padding_horizontal_dropdown_item&quot;:{&quot;unit&quot;:&quot;px&quot;,&quot;size&quot;:&quot;&quot;,&quot;sizes&quot;:[]},&quot;padding_horizontal_dropdown_item_tablet&quot;:{&quot;unit&quot;:&quot;px&quot;,&quot;size&quot;:&quot;&quot;,&quot;sizes&quot;:[]},&quot;padding_horizontal_dropdown_item_mobile&quot;:{&quot;unit&quot;:&quot;px&quot;,&quot;size&quot;:&quot;&quot;,&quot;sizes&quot;:[]},&quot;padding_vertical_dropdown_item&quot;:{&quot;unit&quot;:&quot;px&quot;,&quot;size&quot;:15,&quot;sizes&quot;:[]},&quot;padding_vertical_dropdown_item_tablet&quot;:{&quot;unit&quot;:&quot;px&quot;,&quot;size&quot;:&quot;&quot;,&quot;sizes&quot;:[]},&quot;padding_vertical_dropdown_item_mobile&quot;:{&quot;unit&quot;:&quot;px&quot;,&quot;size&quot;:&quot;&quot;,&quot;sizes&quot;:[]},&quot;distance_from_menu&quot;:{&quot;unit&quot;:&quot;px&quot;,&quot;size&quot;:&quot;&quot;,&quot;sizes&quot;:[]},&quot;distance_from_menu_tablet&quot;:{&quot;unit&quot;:&quot;px&quot;,&quot;size&quot;:&quot;&quot;,&quot;sizes&quot;:[]},&quot;distance_from_menu_mobile&quot;:{&quot;unit&quot;:&quot;px&quot;,&quot;size&quot;:&quot;&quot;,&quot;sizes&quot;:[]},&quot;toggle_size&quot;:{&quot;unit&quot;:&quot;px&quot;,&quot;size&quot;:&quot;&quot;,&quot;sizes&quot;:[]},&quot;toggle_size_tablet&quot;:{&quot;unit&quot;:&quot;px&quot;,&quot;size&quot;:&quot;&quot;,&quot;sizes&quot;:[]},&quot;toggle_size_mobile&quot;:{&quot;unit&quot;:&quot;px&quot;,&quot;size&quot;:&quot;&quot;,&quot;sizes&quot;:[]},&quot;toggle_border_width&quot;:{&quot;unit&quot;:&quot;px&quot;,&quot;size&quot;:&quot;&quot;,&quot;sizes&quot;:[]},&quot;toggle_border_width_tablet&quot;:{&quot;unit&quot;:&quot;px&quot;,&quot;size&quot;:&quot;&quot;,&quot;sizes&quot;:[]},&quot;toggle_border_width_mobile&quot;:{&quot;unit&quot;:&quot;px&quot;,&quot;size&quot;:&quot;&quot;,&quot;sizes&quot;:[]},&quot;toggle_border_radius&quot;:{&quot;unit&quot;:&quot;px&quot;,&quot;size&quot;:&quot;&quot;,&quot;sizes&quot;:[]},&quot;toggle_border_radius_tablet&quot;:{&quot;unit&quot;:&quot;px&quot;,&quot;size&quot;:&quot;&quot;,&quot;sizes&quot;:[]},&quot;toggle_border_radius_mobile&quot;:{&quot;unit&quot;:&quot;px&quot;,&quot;size&quot;:&quot;&quot;,&quot;sizes&quot;:[]}}\" data-widget_type=\"navigation-menu.default\">\n\t\t\t\t<div class=\"elementor-widget-container\">\n\t\t\t\t\t\t<div class=\"hfe-nav-menu hfe-layout-horizontal hfe-nav-menu-layout horizontal hfe-pointer__none\" data-layout=\"horizontal\">\n\t\t\t\t<div role=\"button\" class=\"hfe-nav-menu__toggle elementor-clickable\">\n\t\t\t\t\t<span class=\"screen-reader-text\">Menu<\/span>\n\t\t\t\t\t<div class=\"hfe-nav-menu-icon\">\n\t\t\t\t\t\t\t\t\t\t\t<\/div>\n\t\t\t\t<\/div>\n\t\t\t\t<nav class=\"hfe-nav-menu__layout-horizontal hfe-nav-menu__submenu-arrow\" data-toggle-icon=\"\" data-close-icon=\"\" data-full-width=\"\"><ul id=\"menu-1-7177cc8\" class=\"hfe-nav-menu\"><li id=\"menu-item-333\" class=\"menu-item menu-item-type-custom menu-item-object-custom parent hfe-creative-menu\"><a href=\"https:\/\/aliumrestauracion.com\/en\/colegios-y-colectivos\/\" class = \"hfe-menu-item\">Colegios y colectivos<\/a><\/li>\n<li id=\"menu-item-334\" class=\"menu-item menu-item-type-custom menu-item-object-custom parent hfe-creative-menu\"><a href=\"https:\/\/aliumrestauracion.com\/en\/eventos\/\" class = \"hfe-menu-item\">Events<\/a><\/li>\n<li id=\"menu-item-2848\" class=\"menu-item menu-item-type-custom menu-item-object-custom parent hfe-creative-menu\"><a href=\"https:\/\/aliumrestauracion.com\/en\/limpieza-jardineria-y-servicios\/\" class = \"hfe-menu-item\">Limpieza, jardiner\u00eda y servicios<\/a><\/li>\n<li id=\"menu-item-336\" class=\"menu-item menu-item-type-custom menu-item-object-custom parent hfe-creative-menu\"><a href=\"https:\/\/aliumrestauracion.com\/en\/contacto\/\" class = \"hfe-menu-item\">Contact<\/a><\/li>\n<li id=\"menu-item-329\" class=\"menu-item menu-item-type-custom menu-item-object-custom parent hfe-creative-menu\"><a href=\"https:\/\/aliumrestauracion.com\/en\/trabaja-con-nosotros\/\" class = \"hfe-menu-item\">Work with us<\/a><\/li>\n<li id=\"menu-item-328\" class=\"menu-item menu-item-type-custom menu-item-object-custom parent hfe-creative-menu\"><a href=\"https:\/\/aliumrestauracion.com\/en\/faqs\/\" class = \"hfe-menu-item\">FAQs<\/a><\/li>\n<li id=\"menu-item-702\" class=\"trp-language-switcher-container menu-item menu-item-type-post_type menu-item-object-language_switcher parent hfe-creative-menu\"><a href=\"https:\/\/aliumrestauracion.com\/wp-json\/wp\/v2\/pages\/1062\/\" class = \"hfe-menu-item\"><span data-no-translation><img decoding=\"async\" loading=\"lazy\" class=\"trp-flag-image\" src=\"https:\/\/aliumrestauracion.com\/wp-content\/plugins\/translatepress-multilingual\/assets\/images\/flags\/es_ES.png\" width=\"18\" height=\"12\" alt=\"es_ES\" title=\"Spanish\"><span class=\"trp-ls-language-name\">Spanish<\/span><\/span><\/a><\/li>\n<\/ul><\/nav>\n\t\t\t<\/div>\n\t\t\t\t\t<\/div>\n\t\t\t\t<\/div>\n\t\t\t\t\t<\/div>\n\t\t\t\t<\/div>\n\t\t\t\t\t\t\t<\/div>","protected":false},"excerpt":{"rendered":"<p>ESTAMOS CREANDO EL CONTENIDO S\u00e9 paciente, ya casi acabamos&#8230; Men\u00fa Colegios y colectivos Eventos Limpieza, jardiner\u00eda y servicios Contacto Trabaja con nosotros FAQs English<\/p>","protected":false},"author":1,"featured_media":0,"parent":0,"menu_order":0,"comment_status":"closed","ping_status":"closed","template":"elementor_header_footer","meta":{"footnotes":""},"yoast_head":"<!-- This site is optimized with the Yoast SEO plugin v21.0 - https:\/\/yoast.com\/wordpress\/plugins\/seo\/ -->\n<title>Limpieza, jardiner\u00eda y servicios &#8902; Alium Restauraci\u00f3n<\/title>\n<meta name=\"description\" content=\"En Alium Restauraci\u00f3n, ofrecemos nuestros servicios de catering para eventos en Asturias, contacta con nosotros y conoce nuestros precios.\" \/>\n<meta name=\"robots\" content=\"index, follow, max-snippet:-1, max-image-preview:large, max-video-preview:-1\" \/>\n<link rel=\"canonical\" href=\"https:\/\/aliumrestauracion.com\/en\/limpieza-jardineria-y-servicios\/\" \/>\n<meta property=\"og:locale\" content=\"en_US\" \/>\n<meta property=\"og:type\" content=\"article\" \/>\n<meta property=\"og:title\" content=\"Limpieza, jardiner\u00eda y servicios &#8902; Alium Restauraci\u00f3n\" \/>\n<meta property=\"og:description\" content=\"En Alium Restauraci\u00f3n, ofrecemos nuestros servicios de catering para eventos en Asturias, contacta con nosotros y conoce nuestros precios.\" \/>\n<meta property=\"og:url\" content=\"https:\/\/aliumrestauracion.com\/en\/limpieza-jardineria-y-servicios\/\" \/>\n<meta property=\"og:site_name\" content=\"Alium Restauraci\u00f3n\" \/>\n<meta property=\"article:modified_time\" content=\"2023-09-25T15:50:06+00:00\" \/>\n<meta property=\"og:image\" content=\"https:\/\/aliumrestauracion.com\/wp-content\/plugins\/translatepress-multilingual\/assets\/images\/flags\/en_US.png\" \/>\n<meta name=\"twitter:card\" content=\"summary_large_image\" \/>\n<meta name=\"twitter:label1\" content=\"Est. reading time\" \/>\n\t<meta name=\"twitter:data1\" content=\"1 minute\" \/>\n<script type=\"application\/ld+json\" class=\"yoast-schema-graph\">{\"@context\":\"https:\/\/schema.org\",\"@graph\":[{\"@type\":\"WebPage\",\"@id\":\"https:\/\/aliumrestauracion.com\/limpieza-jardineria-y-servicios\/\",\"url\":\"https:\/\/aliumrestauracion.com\/limpieza-jardineria-y-servicios\/\",\"name\":\"Limpieza, jardiner\u00eda y servicios &#8902; Alium Restauraci\u00f3n\",\"isPartOf\":{\"@id\":\"https:\/\/aliumrestauracion.com\/#website\"},\"datePublished\":\"2023-08-22T14:28:58+00:00\",\"dateModified\":\"2023-09-25T15:50:06+00:00\",\"description\":\"En Alium Restauraci\u00f3n, ofrecemos nuestros servicios de catering para eventos en Asturias, contacta con nosotros y conoce nuestros precios.\",\"breadcrumb\":{\"@id\":\"https:\/\/aliumrestauracion.com\/limpieza-jardineria-y-servicios\/#breadcrumb\"},\"inLanguage\":\"en-US\",\"potentialAction\":[{\"@type\":\"ReadAction\",\"target\":[\"https:\/\/aliumrestauracion.com\/limpieza-jardineria-y-servicios\/\"]}]},{\"@type\":\"BreadcrumbList\",\"@id\":\"https:\/\/aliumrestauracion.com\/limpieza-jardineria-y-servicios\/#breadcrumb\",\"itemListElement\":[{\"@type\":\"ListItem\",\"position\":1,\"name\":\"Portada\",\"item\":\"https:\/\/aliumrestauracion.com\/\"},{\"@type\":\"ListItem\",\"position\":2,\"name\":\"Limpieza, jardiner\u00eda y servicios\"}]},{\"@type\":\"WebSite\",\"@id\":\"https:\/\/aliumrestauracion.com\/#website\",\"url\":\"https:\/\/aliumrestauracion.com\/\",\"name\":\"Empresa de restauraci\u00f3n\",\"description\":\"Empresa de restauraci\u00f3n\",\"publisher\":{\"@id\":\"https:\/\/aliumrestauracion.com\/#organization\"},\"alternateName\":\"Alium Restauraci\u00f3n\",\"potentialAction\":[{\"@type\":\"SearchAction\",\"target\":{\"@type\":\"EntryPoint\",\"urlTemplate\":\"https:\/\/aliumrestauracion.com\/?s={search_term_string}\"},\"query-input\":\"required name=search_term_string\"}],\"inLanguage\":\"en-US\"},{\"@type\":\"Organization\",\"@id\":\"https:\/\/aliumrestauracion.com\/#organization\",\"name\":\"Empresa de restauraci\u00f3n\",\"url\":\"https:\/\/aliumrestauracion.com\/\",\"logo\":{\"@type\":\"ImageObject\",\"inLanguage\":\"en-US\",\"@id\":\"https:\/\/aliumrestauracion.com\/#\/schema\/logo\/image\/\",\"url\":\"https:\/\/aliumrestauracion.com\/wp-content\/uploads\/2023\/08\/cropped-Logo-ini.png\",\"contentUrl\":\"https:\/\/aliumrestauracion.com\/wp-content\/uploads\/2023\/08\/cropped-Logo-ini.png\",\"width\":4153,\"height\":1664,\"caption\":\"Empresa de restauraci\u00f3n\"},\"image\":{\"@id\":\"https:\/\/aliumrestauracion.com\/#\/schema\/logo\/image\/\"}}]}<\/script>\n<!-- \/ Yoast SEO plugin. -->","yoast_head_json":{"title":"Limpieza, jardiner\u00eda y servicios &#8902; Alium Restauraci\u00f3n","description":"En Alium Restauraci\u00f3n, ofrecemos nuestros servicios de catering para eventos en Asturias, contacta con nosotros y conoce nuestros precios.","robots":{"index":"index","follow":"follow","max-snippet":"max-snippet:-1","max-image-preview":"max-image-preview:large","max-video-preview":"max-video-preview:-1"},"canonical":"https:\/\/aliumrestauracion.com\/en\/limpieza-jardineria-y-servicios\/","og_locale":"en_US","og_type":"article","og_title":"Limpieza, jardiner\u00eda y servicios &#8902; Alium Restauraci\u00f3n","og_description":"En Alium Restauraci\u00f3n, ofrecemos nuestros servicios de catering para eventos en Asturias, contacta con nosotros y conoce nuestros precios.","og_url":"https:\/\/aliumrestauracion.com\/en\/limpieza-jardineria-y-servicios\/","og_site_name":"Alium Restauraci\u00f3n","article_modified_time":"2023-09-25T15:50:06+00:00","og_image":[{"url":"https:\/\/aliumrestauracion.com\/wp-content\/plugins\/translatepress-multilingual\/assets\/images\/flags\/en_US.png"}],"twitter_card":"summary_large_image","twitter_misc":{"Est. reading time":"1 minute"},"schema":{"@context":"https:\/\/schema.org","@graph":[{"@type":"WebPage","@id":"https:\/\/aliumrestauracion.com\/limpieza-jardineria-y-servicios\/","url":"https:\/\/aliumrestauracion.com\/limpieza-jardineria-y-servicios\/","name":"Limpieza, jardiner\u00eda y servicios &#8902; Alium Restauraci\u00f3n","isPartOf":{"@id":"https:\/\/aliumrestauracion.com\/#website"},"datePublished":"2023-08-22T14:28:58+00:00","dateModified":"2023-09-25T15:50:06+00:00","description":"En Alium Restauraci\u00f3n, ofrecemos nuestros servicios de catering para eventos en Asturias, contacta con nosotros y conoce nuestros precios.","breadcrumb":{"@id":"https:\/\/aliumrestauracion.com\/limpieza-jardineria-y-servicios\/#breadcrumb"},"inLanguage":"en-US","potentialAction":[{"@type":"ReadAction","target":["https:\/\/aliumrestauracion.com\/limpieza-jardineria-y-servicios\/"]}]},{"@type":"BreadcrumbList","@id":"https:\/\/aliumrestauracion.com\/limpieza-jardineria-y-servicios\/#breadcrumb","itemListElement":[{"@type":"ListItem","position":1,"name":"Portada","item":"https:\/\/aliumrestauracion.com\/"},{"@type":"ListItem","position":2,"name":"Limpieza, jardiner\u00eda y servicios"}]},{"@type":"WebSite","@id":"https:\/\/aliumrestauracion.com\/#website","url":"https:\/\/aliumrestauracion.com\/","name":"Empresa de restauraci\u00f3n","description":"Empresa de restauraci\u00f3n","publisher":{"@id":"https:\/\/aliumrestauracion.com\/#organization"},"alternateName":"Alium Restauraci\u00f3n","potentialAction":[{"@type":"SearchAction","target":{"@type":"EntryPoint","urlTemplate":"https:\/\/aliumrestauracion.com\/?s={search_term_string}"},"query-input":"required name=search_term_string"}],"inLanguage":"en-US"},{"@type":"Organization","@id":"https:\/\/aliumrestauracion.com\/#organization","name":"Empresa de restauraci\u00f3n","url":"https:\/\/aliumrestauracion.com\/","logo":{"@type":"ImageObject","inLanguage":"en-US","@id":"https:\/\/aliumrestauracion.com\/#\/schema\/logo\/image\/","url":"https:\/\/aliumrestauracion.com\/wp-content\/uploads\/2023\/08\/cropped-Logo-ini.png","contentUrl":"https:\/\/aliumrestauracion.com\/wp-content\/uploads\/2023\/08\/cropped-Logo-ini.png","width":4153,"height":1664,"caption":"Empresa de restauraci\u00f3n"},"image":{"@id":"https:\/\/aliumrestauracion.com\/#\/schema\/logo\/image\/"}}]}},"_links":{"self":[{"href":"https:\/\/aliumrestauracion.com\/en\/wp-json\/wp\/v2\/pages\/1062"}],"collection":[{"href":"https:\/\/aliumrestauracion.com\/en\/wp-json\/wp\/v2\/pages"}],"about":[{"href":"https:\/\/aliumrestauracion.com\/en\/wp-json\/wp\/v2\/types\/page"}],"author":[{"embeddable":true,"href":"https:\/\/aliumrestauracion.com\/en\/wp-json\/wp\/v2\/users\/1"}],"replies":[{"embeddable":true,"href":"https:\/\/aliumrestauracion.com\/en\/wp-json\/wp\/v2\/comments?post=1062"}],"version-history":[{"count":364,"href":"https:\/\/aliumrestauracion.com\/en\/wp-json\/wp\/v2\/pages\/1062\/revisions"}],"predecessor-version":[{"id":3563,"href":"https:\/\/aliumrestauracion.com\/en\/wp-json\/wp\/v2\/pages\/1062\/revisions\/3563"}],"wp:attachment":[{"href":"https:\/\/aliumrestauracion.com\/en\/wp-json\/wp\/v2\/media?parent=1062"}],"curies":[{"name":"wp","href":"https:\/\/api.w.org\/{rel}","templated":true}]}}